{"id":5151,"date":"2023-05-22T19:17:31","date_gmt":"2023-05-22T19:17:31","guid":{"rendered":"https:\/\/ia.derechosdigitales.org\/?page_id=5151"},"modified":"2023-06-05T20:45:21","modified_gmt":"2023-06-05T20:45:21","slug":"toolkit","status":"publish","type":"page","link":"https:\/\/ia.derechosdigitales.org\/pt\/toolkit\/","title":{"rendered":""},"content":{"rendered":"<div class=\"wp-block-image\">\n<figure class=\"aligncenter size-full\"><img fetchpriority=\"high\" decoding=\"async\" width=\"650\" height=\"845\" src=\"https:\/\/ia.derechosdigitales.org\/wp-content\/uploads\/2023\/05\/toolkit.jpg\" alt=\"\" class=\"wp-image-5159\" srcset=\"https:\/\/ia.derechosdigitales.org\/wp-content\/uploads\/2023\/05\/toolkit.jpg 650w, https:\/\/ia.derechosdigitales.org\/wp-content\/uploads\/2023\/05\/toolkit-231x300.jpg 231w, https:\/\/ia.derechosdigitales.org\/wp-content\/uploads\/2023\/05\/toolkit-9x12.jpg 9w\" sizes=\"(max-width: 650px) 100vw, 650px\" \/><\/figure>\n<\/div>\n\n\n<figure class=\"wp-block-table\"><table><tbody><tr><td class=\"has-text-align-center\" data-align=\"center\"><a rel=\"noreferrer noopener\" href=\"https:\/\/ia.derechosdigitales.org\/pt\/recursos\/#herramientas\" target=\"_blank\"><strong>Baixar<br>(ES)<\/strong><\/a><\/td><td class=\"has-text-align-center\" data-align=\"center\"><strong><a href=\"https:\/\/ia.derechosdigitales.org\/en\/recursos\/#herramientas\" target=\"_blank\" rel=\"noreferrer noopener\">Download<br>(EN)<\/a><\/strong><\/td><td class=\"has-text-align-center\" data-align=\"center\"><strong><a href=\"https:\/\/ia.derechosdigitales.org\/pt\/recursos\/#herramientas\">Baixar<br>(PT)<\/a><\/strong><\/td><\/tr><\/tbody><\/table><\/figure>\n\n\n\n<p>Com a inten\u00e7\u00e3o de orientar e facilitar a ado\u00e7\u00e3o de uma perspectiva de direitos humanos no desenvolvimento e implementa\u00e7\u00e3o de pol\u00edticas p\u00fablicas que incluem tecnologias de Intelig\u00eancia Artificial (IA), n\u00f3s constru\u00edmos um <strong>kit de ferramentas \u00fateis<\/strong>, incluindo um <a rel=\"noreferrer noopener\" href=\"https:\/\/ia.derechosdigitales.org\/wp-content\/uploads\/2022\/05\/DD_IA_01.pdf\" target=\"_blank\"><span style=\"text-decoration: underline;\">breve gloss\u00e1rio<\/span><\/a>; uma lista de <a rel=\"noreferrer noopener\" href=\"https:\/\/ia.derechosdigitales.org\/wp-content\/uploads\/2022\/05\/DD_IA_02.pdf\" target=\"_blank\"><span style=\"text-decoration: underline;\">recomenda\u00e7\u00f5es para garantir uma participa\u00e7\u00e3o<\/span><\/a> ativa, representativa e efetiva; um an\u00e1lise de <a rel=\"noreferrer noopener\" href=\"https:\/\/ia.derechosdigitales.org\/wp-content\/uploads\/2022\/05\/DD_IA_03.pdf\" target=\"_blank\"><span style=\"text-decoration: underline;\">iniciativas pendentes<\/span><\/a> no desenvolvimento e implementa\u00e7\u00e3o de pol\u00edticas p\u00fablicas que incorporam a IA; uma <a rel=\"noreferrer noopener\" href=\"https:\/\/ia.derechosdigitales.org\/wp-content\/uploads\/2022\/10\/DD_IA_04.pdf\" target=\"_blank\"><span style=\"text-decoration: underline;\">lista de quest\u00f5es-chave<\/span><\/a> para a implementa\u00e7\u00e3o de pol\u00edticas p\u00fablicas que incluem a implanta\u00e7\u00e3o de IA; e uma <span style=\"text-decoration: underline;\"><a rel=\"noreferrer noopener\" href=\"https:\/\/ia.derechosdigitales.org\/wp-content\/uploads\/2022\/05\/DD_IA_05.pdf\" target=\"_blank\">bibliografia recomendada<\/a>.<\/span><\/p>\n\n\n\n<p>O kit de ferramentas est\u00e1 dispon\u00edvel em <a rel=\"noreferrer noopener\" href=\"https:\/\/ia.derechosdigitales.org\/pt\/recursos\/#herramientas\" target=\"_blank\"><span style=\"text-decoration: underline;\">espanhol<\/span><\/a>, <a href=\"https:\/\/ia.derechosdigitales.org\/en\/recursos\/#herramientas\"><span style=\"text-decoration: underline;\">ingl\u00eas<\/span><\/a> e <a rel=\"noreferrer noopener\" href=\"https:\/\/ia.derechosdigitales.org\/pt\/recursos\/#herramientas\" target=\"_blank\"><span style=\"text-decoration: underline;\">portugu\u00eas<\/span><\/a>.<\/p>","protected":false},"excerpt":{"rendered":"<p>Descargar(ES) Download(EN) Baixar(PT) Para guiar y facilitar la adopci\u00f3n de una perspectiva de derechos humanos en el desarrollo e implementaci\u00f3n de pol\u00edticas p\u00fablicas que incluyen tecnolog\u00edas de Inteligencia [&hellip;]<\/p>\n","protected":false},"author":3,"featured_media":0,"parent":0,"menu_order":0,"comment_status":"closed","ping_status":"closed","template":"","meta":{"_vp_format_video_url":"","_vp_image_focal_point":[],"footnotes":""},"class_list":["post-5151","page","type-page","status-publish","hentry"],"_links":{"self":[{"href":"https:\/\/ia.derechosdigitales.org\/pt\/wp-json\/wp\/v2\/pages\/5151","targetHints":{"allow":["GET"]}}],"collection":[{"href":"https:\/\/ia.derechosdigitales.org\/pt\/wp-json\/wp\/v2\/pages"}],"about":[{"href":"https:\/\/ia.derechosdigitales.org\/pt\/wp-json\/wp\/v2\/types\/page"}],"author":[{"embeddable":true,"href":"https:\/\/ia.derechosdigitales.org\/pt\/wp-json\/wp\/v2\/users\/3"}],"replies":[{"embeddable":true,"href":"https:\/\/ia.derechosdigitales.org\/pt\/wp-json\/wp\/v2\/comments?post=5151"}],"version-history":[{"count":12,"href":"https:\/\/ia.derechosdigitales.org\/pt\/wp-json\/wp\/v2\/pages\/5151\/revisions"}],"predecessor-version":[{"id":5194,"href":"https:\/\/ia.derechosdigitales.org\/pt\/wp-json\/wp\/v2\/pages\/5151\/revisions\/5194"}],"wp:attachment":[{"href":"https:\/\/ia.derechosdigitales.org\/pt\/wp-json\/wp\/v2\/media?parent=5151"}],"curies":[{"name":"wp","href":"https:\/\/api.w.org\/{rel}","templated":true}]}}