{"id":4219,"date":"2022-04-28T15:54:49","date_gmt":"2022-04-28T15:54:49","guid":{"rendered":"https:\/\/ia.derechosdigitales.org\/?page_id=4219"},"modified":"2022-06-03T20:23:53","modified_gmt":"2022-06-03T20:23:53","slug":"chile-sistema-predictivo-del-delito-urbano","status":"publish","type":"page","link":"https:\/\/ia.derechosdigitales.org\/pt\/casos\/chile-sistema-predictivo-del-delito-urbano\/","title":{"rendered":"CHILE | Sistema preditivo do crime urbano"},"content":{"rendered":"<div data-elementor-type=\"wp-page\" data-elementor-id=\"4219\" class=\"elementor elementor-4219\">\n\t\t\t\t\t\t<section class=\"elementor-section elementor-top-section elementor-element elementor-element-b9a5402 elementor-section-boxed elementor-section-height-default elementor-section-height-default\" data-id=\"b9a5402\" data-element_type=\"section\" data-e-type=\"section\">\n\t\t\t\t\t\t<div class=\"elementor-container elementor-column-gap-default\">\n\t\t\t\t\t<div class=\"elementor-column elementor-col-100 elementor-top-column elementor-element elementor-element-3c5cfe64\" data-id=\"3c5cfe64\" data-element_type=\"column\" data-e-type=\"column\">\n\t\t\t<div class=\"elementor-widget-wrap elementor-element-populated\">\n\t\t\t\t\t\t<div class=\"elementor-element elementor-element-2fff312b elementor-widget elementor-widget-text-editor\" data-id=\"2fff312b\" data-element_type=\"widget\" data-e-type=\"widget\" data-widget_type=\"text-editor.default\">\n\t\t\t\t<div class=\"elementor-widget-container\">\n\t\t\t\t\t\t\t\t\t<p><\/p>\n<p>O \"Sistema Preditivo do Crime Urbano\" foi desenvolvido pelo Centro de An\u00e1lise e Modelagem de Seguran\u00e7a (CEAMOS) da Universidade do Chile em conjunto com Carabineros de Chile, e foi implementado em cinquenta e oito delegacias de pol\u00edcia em todo o pa\u00eds, com o objetivo de direcionar com efici\u00eancia patrulhamento policial preventivo, definindo \u00e1reas de maior vigil\u00e2ncia e controle. O relat\u00f3rio detecta uma s\u00e9rie de problemas como a falta de transpar\u00eancia e auditorias, o tipo de dados que s\u00e3o coletados e a forma como s\u00e3o tratados, o que pode gerar a reprodu\u00e7\u00e3o de pr\u00e1ticas discriminat\u00f3rias.<\/p>\n<p><\/p>\n<p><\/p>\n<p><\/p>\n<p><strong>Pesquisadora:<\/strong>&nbsp;Josefina Buschmann<\/p>\n<p><\/p>\n<p><\/p>\n<p><\/p>\n<hr style=\"background-color: #e9541e; color: #e9541e;\">\n<p><\/p>\n<p><\/p>\n<p><\/p>\n<figure>\n<table>\n<tbody>\n<tr>\n<td><strong>Status de implanta\u00e7\u00e3o<\/strong><\/td>\n<td>Em execu\u00e7\u00e3o<\/td>\n<\/tr>\n<tr>\n<td><strong>Data de in\u00edcio do projeto<\/strong><\/td>\n<td>Junho de 2016<\/td>\n<\/tr>\n<tr>\n<td><strong>\u00d3rg\u00e3o estatal que implementa o sistema<\/strong><\/td>\n<td>Minist\u00e9rio do interior e seguran\u00e7a p\u00fablica<\/td>\n<\/tr>\n<tr>\n<td><strong>Desarrollo del sistema<\/strong><\/td>\n<td>P\u00fablico<\/td>\n<\/tr>\n<tr>\n<td><strong>Modelo de financiamento do sistema<\/strong><\/td>\n<td>P\u00fablico<\/td>\n<\/tr>\n<tr>\n<td><strong>Participa\u00e7\u00e3o do cidad\u00e3o na tomada de decis\u00e3o\nsobre a implementa\u00e7\u00e3o do sistema<\/strong><\/td>\n<td>N\u00e3o<\/td>\n<\/tr>\n<tr>\n<td><strong>Avalia\u00e7\u00e3o de impacto de direitos humanos<\/strong><\/td>\n<td>N\u00e3o<\/td>\n<\/tr>\n<tr>\n<td><strong>Auditor\u00edas<\/strong><\/td>\n<td>N\u00e3o<\/td>\n<\/tr>\n<tr>\n<td><strong>Uso de dados pessoais<\/strong><\/td>\n<td>N\u00e3o<\/td>\n<\/tr>\n<tr>\n<td><strong>Consentimiento espec\u00edfico<\/strong><\/td>\n<td>N\u00e3o<\/td>\n<\/tr>\n<tr>\n<td><strong>Regulamento Geral de Prote\u00e7\u00e3o de Dados Pessoais<\/strong><\/td>\n<td>Sim<\/td>\n<\/tr>\n<tr>\n<td><strong>Autoridade de prote\u00e7\u00e3o de dados pessoais<\/strong><\/td>\n<td>N\u00e3o<\/td>\n<\/tr>\n<\/tbody>\n<\/table>\n<\/figure>\n<p><style>.elementor-element-d490840{display:none !important}<\/style>\n<style>.elementor-element-4c5c991{display:none !important}<\/style>\n<\/p>\t\t\t\t\t\t\t\t<\/div>\n\t\t\t\t<\/div>\n\t\t\t\t<div class=\"elementor-element elementor-element-aacf85d elementor-widget elementor-widget-button\" data-id=\"aacf85d\" data-element_type=\"widget\" data-e-type=\"widget\" data-no-translation=\"\" data-widget_type=\"button.default\">\n\t\t\t\t<div class=\"elementor-widget-container\">\n\t\t\t\t\t\t\t\t\t<div class=\"elementor-button-wrapper\">\n\t\t\t\t\t<a class=\"elementor-button elementor-button-link elementor-size-sm\" href=\"https:\/\/ia.derechosdigitales.org\/wp-content\/uploads\/2022\/05\/CPC-IA-Chile-2-PT.pdf\" target=\"_blank\">\n\t\t\t\t\t\t<span class=\"elementor-button-content-wrapper\">\n\t\t\t\t\t\t\t\t\t<span class=\"elementor-button-text\">Baixar<\/span>\n\t\t\t\t\t<\/span>\n\t\t\t\t\t<\/a>\n\t\t\t\t<\/div>\n\t\t\t\t\t\t\t\t<\/div>\n\t\t\t\t<\/div>\n\t\t\t\t<div class=\"elementor-element elementor-element-a0169f1 elementor-widget elementor-widget-button\" data-id=\"a0169f1\" data-element_type=\"widget\" data-e-type=\"widget\" data-no-translation=\"\" data-widget_type=\"button.default\">\n\t\t\t\t<div class=\"elementor-widget-container\">\n\t\t\t\t\t<style>.elementor-element-a0169f1{display:none !important}<\/style>\t\t\t\t<\/div>\n\t\t\t\t<\/div>\n\t\t\t\t<div class=\"elementor-element elementor-element-4d8306a elementor-widget elementor-widget-button\" data-id=\"4d8306a\" data-element_type=\"widget\" data-e-type=\"widget\" data-no-translation=\"\" data-widget_type=\"button.default\">\n\t\t\t\t<div class=\"elementor-widget-container\">\n\t\t\t\t\t<style>.elementor-element-4d8306a{display:none !important}<\/style>\t\t\t\t<\/div>\n\t\t\t\t<\/div>\n\t\t\t\t\t<\/div>\n\t\t<\/div>\n\t\t\t\t\t<\/div>\n\t\t<\/section>\n\t\t\t\t<\/div>","protected":false},"excerpt":{"rendered":"<p>El \u201cSistema Predictivo del Delito Urbano\u201d fue desarrollado por el Centro de An\u00e1lisis y Modelamiento en Seguridad (CEAMOS) de la Universidad de Chile junto a&nbsp; Carabineros de Chile, [&hellip;]<\/p>\n","protected":false},"author":1,"featured_media":4451,"parent":2757,"menu_order":0,"comment_status":"closed","ping_status":"closed","template":"","meta":{"_vp_format_video_url":"","_vp_image_focal_point":{"x":0.56,"y":0.82},"footnotes":""},"class_list":["post-4219","page","type-page","status-publish","has-post-thumbnail","hentry"],"_links":{"self":[{"href":"https:\/\/ia.derechosdigitales.org\/pt\/wp-json\/wp\/v2\/pages\/4219","targetHints":{"allow":["GET"]}}],"collection":[{"href":"https:\/\/ia.derechosdigitales.org\/pt\/wp-json\/wp\/v2\/pages"}],"about":[{"href":"https:\/\/ia.derechosdigitales.org\/pt\/wp-json\/wp\/v2\/types\/page"}],"author":[{"embeddable":true,"href":"https:\/\/ia.derechosdigitales.org\/pt\/wp-json\/wp\/v2\/users\/1"}],"replies":[{"embeddable":true,"href":"https:\/\/ia.derechosdigitales.org\/pt\/wp-json\/wp\/v2\/comments?post=4219"}],"version-history":[{"count":51,"href":"https:\/\/ia.derechosdigitales.org\/pt\/wp-json\/wp\/v2\/pages\/4219\/revisions"}],"predecessor-version":[{"id":4796,"href":"https:\/\/ia.derechosdigitales.org\/pt\/wp-json\/wp\/v2\/pages\/4219\/revisions\/4796"}],"up":[{"embeddable":true,"href":"https:\/\/ia.derechosdigitales.org\/pt\/wp-json\/wp\/v2\/pages\/2757"}],"wp:featuredmedia":[{"embeddable":true,"href":"https:\/\/ia.derechosdigitales.org\/pt\/wp-json\/wp\/v2\/media\/4451"}],"wp:attachment":[{"href":"https:\/\/ia.derechosdigitales.org\/pt\/wp-json\/wp\/v2\/media?parent=4219"}],"curies":[{"name":"wp","href":"https:\/\/api.w.org\/{rel}","templated":true}]}}