{"id":2937,"date":"2021-03-24T17:22:18","date_gmt":"2021-03-24T17:22:18","guid":{"rendered":"https:\/\/ia.derechosdigitales.org\/?page_id=2937"},"modified":"2022-06-02T19:34:44","modified_gmt":"2022-06-02T19:34:44","slug":"chile-sistema-alerta-ninez","status":"publish","type":"page","link":"https:\/\/ia.derechosdigitales.org\/pt\/casos\/chile-sistema-alerta-ninez\/","title":{"rendered":"CHILE | Sistema Alerta Inf\u00e2ncia"},"content":{"rendered":"<div data-elementor-type=\"wp-page\" data-elementor-id=\"2937\" class=\"elementor elementor-2937\">\n\t\t\t\t\t\t<section class=\"elementor-section elementor-top-section elementor-element elementor-element-61d5f93b elementor-section-boxed elementor-section-height-default elementor-section-height-default\" data-id=\"61d5f93b\" data-element_type=\"section\" data-e-type=\"section\">\n\t\t\t\t\t\t<div class=\"elementor-container elementor-column-gap-default\">\n\t\t\t\t\t<div class=\"elementor-column elementor-col-100 elementor-top-column elementor-element elementor-element-609c270e\" data-id=\"609c270e\" data-element_type=\"column\" data-e-type=\"column\">\n\t\t\t<div class=\"elementor-widget-wrap elementor-element-populated\">\n\t\t\t\t\t\t<div class=\"elementor-element elementor-element-51683a7f elementor-widget elementor-widget-text-editor\" data-id=\"51683a7f\" data-element_type=\"widget\" data-e-type=\"widget\" data-widget_type=\"text-editor.default\">\n\t\t\t\t<div class=\"elementor-widget-container\">\n\t\t\t\t\t\t\t\t\t\n<p>Sistema Alerta Ni\u00f1ez (Sistema Alerta Inf\u00e2ncia) \u00e9 um sistema implementado no Chile para estimar e prever os n\u00edveis de risco de crian\u00e7as e adolescentes sofrerem viola\u00e7\u00f5es dos seus direitos no futuro, atrav\u00e9s de uma an\u00e1lise de dados de diferentes fontes administrativas. Na pr\u00e1tica, gera um \"\u00edndice de risco\" que permite classificar os casos por ordem de prioridade, possibilitando ao Estado antecipar e intervir de forma precoce e preventiva. O sistema tamb\u00e9m se tornou uma plataforma para registrar, gerir e monitorar os casos de crian\u00e7as e adolescentes identificados como de maior risco.<\/p>\n\n<p class=\"translation-block\">I<strong>nvestigador:<\/strong>&nbsp;Mat\u00edas Valderrama<\/p>\n<hr class=\"wp-block-separator has-text-color has-background is-style-wide\" style=\"background-color: #e9541e; color: #e9541e;\" \/>\n<figure class=\"wp-block-table is-style-stripes\">\n<table class=\"has-fixed-layout\">\n<tbody>\n<tr>\n<td><strong>Status de implanta\u00e7\u00e3o<\/strong><\/td>\n<td>Fase piloto<\/td>\n<\/tr>\n<tr>\n<td><strong>Data de in\u00edcio do projeto<\/strong><\/td>\n<td>Marzo de 2019<\/td>\n<\/tr>\n<tr>\n<td><strong>\u00d3rg\u00e3o estatal que implementa o sistema<\/strong><\/td>\n<td>Subsecretar\u00eda de Evaluaci\u00f3n Social, Subsecretaria de Ni\u00f1ez<\/td>\n<\/tr>\n<tr>\n<td><strong>Desarrollo del sistema<\/strong><\/td>\n<td>Privado<\/td>\n<\/tr>\n<tr>\n<td><strong>Modelo de financiamento do sistema<\/strong><\/td>\n<td>P\u00fablico<\/td>\n<\/tr>\n<tr>\n<td><strong>Participa\u00e7\u00e3o do cidad\u00e3o na tomada de decis\u00e3o\nsobre a implementa\u00e7\u00e3o do sistema<\/strong><\/td>\n<td>N\u00e3o<\/td>\n<\/tr>\n<tr>\n<td><strong>Avalia\u00e7\u00e3o de impacto de direitos humanos<\/strong><\/td>\n<td>N\u00e3o<\/td>\n<\/tr>\n<tr>\n<td><strong>Auditor\u00edas<\/strong><\/td>\n<td>Sim<\/td>\n<\/tr>\n<tr>\n<td><strong>Uso de dados pessoais<\/strong><\/td>\n<td>Sim<\/td>\n<\/tr>\n<tr>\n<td><strong>Consentimiento espec\u00edfico<\/strong><\/td>\n<td>N\u00e3o<\/td>\n<\/tr>\n<tr>\n<td><strong>Regulamento Geral de Prote\u00e7\u00e3o de Dados Pessoais<\/strong><\/td>\n<td>Sim<\/td>\n<\/tr>\n<tr>\n<td><strong>Autoridade de prote\u00e7\u00e3o de dados pessoais<\/strong><\/td>\n<td>N\u00e3o<\/td>\n<\/tr>\n<\/tbody>\n<\/table>\n<\/figure>\n\n<div class=\"wp-block-buttons is-horizontal is-content-justification-center is-layout-flex wp-container-core-buttons-is-layout-499968f5 wp-block-buttons-is-layout-flex\">\n<p>\u00a0<\/p>\n\t\t\t\t\t\t\t\t<\/div>\n\t\t\t\t<\/div>\n\t\t\t\t<div class=\"elementor-element elementor-element-c9eddfa elementor-widget elementor-widget-button\" data-id=\"c9eddfa\" data-element_type=\"widget\" data-e-type=\"widget\" data-no-translation=\"\" data-widget_type=\"button.default\">\n\t\t\t\t<div class=\"elementor-widget-container\">\n\t\t\t\t\t<style>.elementor-element-c9eddfa{display:none !important}<\/style>\t\t\t\t<\/div>\n\t\t\t\t<\/div>\n\t\t\t\t<div class=\"elementor-element elementor-element-0f894fc elementor-widget elementor-widget-button\" data-id=\"0f894fc\" data-element_type=\"widget\" data-e-type=\"widget\" data-no-translation=\"\" data-widget_type=\"button.default\">\n\t\t\t\t<div class=\"elementor-widget-container\">\n\t\t\t\t\t\t\t\t\t<div class=\"elementor-button-wrapper\">\n\t\t\t\t\t<a class=\"elementor-button elementor-button-link elementor-size-sm\" href=\"https:\/\/ia.derechosdigitales.org\/wp-content\/uploads\/2022\/03\/01_Informe-Chile-PT_180222_compressed.pdf\" target=\"_blank\">\n\t\t\t\t\t\t<span class=\"elementor-button-content-wrapper\">\n\t\t\t\t\t\t\t\t\t<span class=\"elementor-button-text\">Baixar<\/span>\n\t\t\t\t\t<\/span>\n\t\t\t\t\t<\/a>\n\t\t\t\t<\/div>\n\t\t\t\t\t\t\t\t<\/div>\n\t\t\t\t<\/div>\n\t\t\t\t<div class=\"elementor-element elementor-element-4137158 elementor-widget elementor-widget-button\" data-id=\"4137158\" data-element_type=\"widget\" data-e-type=\"widget\" data-no-translation=\"\" data-widget_type=\"button.default\">\n\t\t\t\t<div class=\"elementor-widget-container\">\n\t\t\t\t\t<style>.elementor-element-4137158{display:none !important}<\/style>\t\t\t\t<\/div>\n\t\t\t\t<\/div>\n\t\t\t\t\t<\/div>\n\t\t<\/div>\n\t\t\t\t\t<\/div>\n\t\t<\/section>\n\t\t\t\t<\/div>","protected":false},"excerpt":{"rendered":"<p>Sistema inform\u00e1tico implementado en modalidad piloto en Chile. Tiene como objetivo estimar y predecir el nivel de riesgo de ni\u00f1as, ni\u00f1os y adolescentes de sufrir alguna vulneraci\u00f3n en [&hellip;]<\/p>\n","protected":false},"author":1,"featured_media":3238,"parent":2757,"menu_order":0,"comment_status":"closed","ping_status":"closed","template":"","meta":{"_vp_format_video_url":"","_vp_image_focal_point":{"x":0.56,"y":0.82},"footnotes":""},"class_list":["post-2937","page","type-page","status-publish","has-post-thumbnail","hentry"],"_links":{"self":[{"href":"https:\/\/ia.derechosdigitales.org\/pt\/wp-json\/wp\/v2\/pages\/2937","targetHints":{"allow":["GET"]}}],"collection":[{"href":"https:\/\/ia.derechosdigitales.org\/pt\/wp-json\/wp\/v2\/pages"}],"about":[{"href":"https:\/\/ia.derechosdigitales.org\/pt\/wp-json\/wp\/v2\/types\/page"}],"author":[{"embeddable":true,"href":"https:\/\/ia.derechosdigitales.org\/pt\/wp-json\/wp\/v2\/users\/1"}],"replies":[{"embeddable":true,"href":"https:\/\/ia.derechosdigitales.org\/pt\/wp-json\/wp\/v2\/comments?post=2937"}],"version-history":[{"count":26,"href":"https:\/\/ia.derechosdigitales.org\/pt\/wp-json\/wp\/v2\/pages\/2937\/revisions"}],"predecessor-version":[{"id":4770,"href":"https:\/\/ia.derechosdigitales.org\/pt\/wp-json\/wp\/v2\/pages\/2937\/revisions\/4770"}],"up":[{"embeddable":true,"href":"https:\/\/ia.derechosdigitales.org\/pt\/wp-json\/wp\/v2\/pages\/2757"}],"wp:featuredmedia":[{"embeddable":true,"href":"https:\/\/ia.derechosdigitales.org\/pt\/wp-json\/wp\/v2\/media\/3238"}],"wp:attachment":[{"href":"https:\/\/ia.derechosdigitales.org\/pt\/wp-json\/wp\/v2\/media?parent=2937"}],"curies":[{"name":"wp","href":"https:\/\/api.w.org\/{rel}","templated":true}]}}