{"id":2934,"date":"2021-03-24T17:22:22","date_gmt":"2021-03-24T17:22:22","guid":{"rendered":"https:\/\/ia.derechosdigitales.org\/?page_id=2934"},"modified":"2022-06-02T19:44:27","modified_gmt":"2022-06-02T19:44:27","slug":"colombia-pretoria","status":"publish","type":"page","link":"https:\/\/ia.derechosdigitales.org\/pt\/casos\/colombia-pretoria\/","title":{"rendered":"COL\u00d4MBIA | PretorIA"},"content":{"rendered":"<div data-elementor-type=\"wp-page\" data-elementor-id=\"2934\" class=\"elementor elementor-2934\">\n\t\t\t\t\t\t<section class=\"elementor-section elementor-top-section elementor-element elementor-element-163fa090 elementor-section-boxed elementor-section-height-default elementor-section-height-default\" data-id=\"163fa090\" data-element_type=\"section\" data-e-type=\"section\">\n\t\t\t\t\t\t<div class=\"elementor-container elementor-column-gap-default\">\n\t\t\t\t\t<div class=\"elementor-column elementor-col-100 elementor-top-column elementor-element elementor-element-1dab827c\" data-id=\"1dab827c\" data-element_type=\"column\" data-e-type=\"column\">\n\t\t\t<div class=\"elementor-widget-wrap elementor-element-populated\">\n\t\t\t\t\t\t<div class=\"elementor-element elementor-element-49466594 elementor-widget elementor-widget-text-editor\" data-id=\"49466594\" data-element_type=\"widget\" data-e-type=\"widget\" data-widget_type=\"text-editor.default\">\n\t\t\t\t<div class=\"elementor-widget-container\">\n\t\t\t\t\t\t\t\t\t\n<p>Um projeto do Tribunal Constitucional Colombiano que visa tornar mais eficiente a sele\u00e7\u00e3o de casos sobre a prote\u00e7\u00e3o judicial dos direitos fundamentais que se encontram sob a jurisdi\u00e7\u00e3o do Tribunal. Como resultado, apresenta as informa\u00e7\u00f5es em fichas-s\u00edntese que indicam a presen\u00e7a ou n\u00e3o das categorias em um texto. Permite a elabora\u00e7\u00e3o de estat\u00edsticas e a identifica\u00e7\u00e3o de temas recorrentes na sua jurisprud\u00eancia como instrumento para a tomada de decis\u00f5es.<\/p>\n\n<p class=\"translation-block\">I<strong>nvestigador:<\/strong>&nbsp;V\u00edctor Saavedra y Juan Carlos Upegui<\/p>\n\n<p><strong>Institui\u00e7\u00e3o de pesquisa:\u00a0<\/strong>Dejusticia<\/p>\n<hr class=\"wp-block-separator has-text-color has-background is-style-wide\" style=\"background-color: #e9541e; color: #e9541e;\" \/>\n<figure class=\"wp-block-table is-style-stripes\">\n<table class=\"has-fixed-layout\">\n<tbody>\n<tr>\n<td><strong>Status de implanta\u00e7\u00e3o<\/strong><\/td>\n<td>En pruebas<\/td>\n<\/tr>\n<tr>\n<td><strong>Data de in\u00edcio do projeto<\/strong><\/td>\n<td>Julio de 2020<\/td>\n<\/tr>\n<tr>\n<td><strong>\u00d3rg\u00e3o estatal que implementa o sistema<\/strong><\/td>\n<td>Corte Constitucional<\/td>\n<\/tr>\n<tr>\n<td><strong>Desarrollo del sistema<\/strong><\/td>\n<td>P\u00fablico<\/td>\n<\/tr>\n<tr>\n<td><strong>Modelo de financiamento do sistema<\/strong><\/td>\n<td>Privado<\/td>\n<\/tr>\n<tr>\n<td><strong>Participa\u00e7\u00e3o do cidad\u00e3o na tomada de decis\u00e3o\nsobre a implementa\u00e7\u00e3o do sistema<\/strong><\/td>\n<td>N\u00e3o<\/td>\n<\/tr>\n<tr>\n<td><strong>Avalia\u00e7\u00e3o de impacto de direitos humanos<\/strong><\/td>\n<td>N\u00e3o<\/td>\n<\/tr>\n<tr>\n<td><strong>Auditor\u00edas<\/strong><\/td>\n<td>N\u00e3o<\/td>\n<\/tr>\n<tr>\n<td><strong>Uso de dados pessoais<\/strong><\/td>\n<td>N\u00e3o<\/td>\n<\/tr>\n<tr>\n<td><strong>Consentimiento espec\u00edfico<\/strong><\/td>\n<td>N\u00e3o<\/td>\n<\/tr>\n<tr>\n<td><strong>Regulamento Geral de Prote\u00e7\u00e3o de Dados Pessoais<\/strong><\/td>\n<td>Sim<\/td>\n<\/tr>\n<tr>\n<td><strong>Autoridade de prote\u00e7\u00e3o de dados pessoais<\/strong><\/td>\n<td>Sim<\/td>\n<\/tr>\n<\/tbody>\n<\/table>\n<\/figure>\n\n<div class=\"wp-block-buttons is-horizontal is-content-justification-center is-layout-flex wp-container-core-buttons-is-layout-499968f5 wp-block-buttons-is-layout-flex\">\n<p>\u00a0<\/p>\n\t\t\t\t\t\t\t\t<\/div>\n\t\t\t\t<\/div>\n\t\t\t\t<div class=\"elementor-element elementor-element-9cf889d elementor-widget elementor-widget-button\" data-id=\"9cf889d\" data-element_type=\"widget\" data-e-type=\"widget\" data-no-translation=\"\" data-widget_type=\"button.default\">\n\t\t\t\t<div class=\"elementor-widget-container\">\n\t\t\t\t\t<style>.elementor-element-9cf889d{display:none !important}<\/style>\t\t\t\t<\/div>\n\t\t\t\t<\/div>\n\t\t\t\t<div class=\"elementor-element elementor-element-15b3178 elementor-widget elementor-widget-button\" data-id=\"15b3178\" data-element_type=\"widget\" data-e-type=\"widget\" data-no-translation=\"\" data-widget_type=\"button.default\">\n\t\t\t\t<div class=\"elementor-widget-container\">\n\t\t\t\t\t\t\t\t\t<div class=\"elementor-button-wrapper\">\n\t\t\t\t\t<a class=\"elementor-button elementor-button-link elementor-size-sm\" href=\"https:\/\/ia.derechosdigitales.org\/wp-content\/uploads\/2022\/03\/04_Informe-Colombia-PT_180222_compressed.pdf\" target=\"_blank\">\n\t\t\t\t\t\t<span class=\"elementor-button-content-wrapper\">\n\t\t\t\t\t\t\t\t\t<span class=\"elementor-button-text\">Baixar<\/span>\n\t\t\t\t\t<\/span>\n\t\t\t\t\t<\/a>\n\t\t\t\t<\/div>\n\t\t\t\t\t\t\t\t<\/div>\n\t\t\t\t<\/div>\n\t\t\t\t<div class=\"elementor-element elementor-element-781ff05 elementor-widget elementor-widget-button\" data-id=\"781ff05\" data-element_type=\"widget\" data-e-type=\"widget\" data-no-translation=\"\" data-widget_type=\"button.default\">\n\t\t\t\t<div class=\"elementor-widget-container\">\n\t\t\t\t\t<style>.elementor-element-781ff05{display:none !important}<\/style>\t\t\t\t<\/div>\n\t\t\t\t<\/div>\n\t\t\t\t\t<\/div>\n\t\t<\/div>\n\t\t\t\t\t<\/div>\n\t\t<\/section>\n\t\t\t\t<\/div>","protected":false},"excerpt":{"rendered":"<p>Proyecto de la Corte Constitucional colombiana, que tiene el prop\u00f3sito de hacer m\u00e1s eficiente el proceso de selecci\u00f3n de casos de tutela judicial de derechos fundamentales, que forman [&hellip;]<\/p>\n","protected":false},"author":1,"featured_media":3239,"parent":2757,"menu_order":0,"comment_status":"closed","ping_status":"closed","template":"","meta":{"_vp_format_video_url":"","_vp_image_focal_point":{"x":0.36,"y":0.75},"footnotes":""},"class_list":["post-2934","page","type-page","status-publish","has-post-thumbnail","hentry"],"_links":{"self":[{"href":"https:\/\/ia.derechosdigitales.org\/pt\/wp-json\/wp\/v2\/pages\/2934","targetHints":{"allow":["GET"]}}],"collection":[{"href":"https:\/\/ia.derechosdigitales.org\/pt\/wp-json\/wp\/v2\/pages"}],"about":[{"href":"https:\/\/ia.derechosdigitales.org\/pt\/wp-json\/wp\/v2\/types\/page"}],"author":[{"embeddable":true,"href":"https:\/\/ia.derechosdigitales.org\/pt\/wp-json\/wp\/v2\/users\/1"}],"replies":[{"embeddable":true,"href":"https:\/\/ia.derechosdigitales.org\/pt\/wp-json\/wp\/v2\/comments?post=2934"}],"version-history":[{"count":13,"href":"https:\/\/ia.derechosdigitales.org\/pt\/wp-json\/wp\/v2\/pages\/2934\/revisions"}],"predecessor-version":[{"id":4780,"href":"https:\/\/ia.derechosdigitales.org\/pt\/wp-json\/wp\/v2\/pages\/2934\/revisions\/4780"}],"up":[{"embeddable":true,"href":"https:\/\/ia.derechosdigitales.org\/pt\/wp-json\/wp\/v2\/pages\/2757"}],"wp:featuredmedia":[{"embeddable":true,"href":"https:\/\/ia.derechosdigitales.org\/pt\/wp-json\/wp\/v2\/media\/3239"}],"wp:attachment":[{"href":"https:\/\/ia.derechosdigitales.org\/pt\/wp-json\/wp\/v2\/media?parent=2934"}],"curies":[{"name":"wp","href":"https:\/\/api.w.org\/{rel}","templated":true}]}}