{"id":2933,"date":"2021-03-24T17:22:36","date_gmt":"2021-03-24T17:22:36","guid":{"rendered":"https:\/\/ia.derechosdigitales.org\/?page_id=2933"},"modified":"2022-06-02T17:30:50","modified_gmt":"2022-06-02T17:30:50","slug":"brasil-sistema-nacional-de-empleo","status":"publish","type":"page","link":"https:\/\/ia.derechosdigitales.org\/pt\/casos\/brasil-sistema-nacional-de-empleo\/","title":{"rendered":"BRASIL | Sistema Nacional de Emprego"},"content":{"rendered":"<div data-elementor-type=\"wp-page\" data-elementor-id=\"2933\" class=\"elementor elementor-2933\">\n\t\t\t\t\t\t<section class=\"elementor-section elementor-top-section elementor-element elementor-element-2ccfb364 elementor-section-boxed elementor-section-height-default elementor-section-height-default\" data-id=\"2ccfb364\" data-element_type=\"section\" data-e-type=\"section\">\n\t\t\t\t\t\t<div class=\"elementor-container elementor-column-gap-default\">\n\t\t\t\t\t<div class=\"elementor-column elementor-col-100 elementor-top-column elementor-element elementor-element-5b24ba83\" data-id=\"5b24ba83\" data-element_type=\"column\" data-e-type=\"column\">\n\t\t\t<div class=\"elementor-widget-wrap elementor-element-populated\">\n\t\t\t\t\t\t<div class=\"elementor-element elementor-element-4c8bc86d elementor-widget elementor-widget-text-editor\" data-id=\"4c8bc86d\" data-element_type=\"widget\" data-e-type=\"widget\" data-widget_type=\"text-editor.default\">\n\t\t\t\t<div class=\"elementor-widget-container\">\n\t\t\t\t\t\t\t\t\t<p><\/p>\n<p>Este projeto foi desenvolvido a partir de um acordo entre o governo brasileiro e a Microsoft para facilitar a recoloca\u00e7\u00e3o de profissionais desempregadas no mercado de trabalho. Procura incorporar ferramentas de intelig\u00eancia artificial para gerar perfis de trabalhadores e trabalhadoras desempregadas registradas no Sistema Nacional de Emprego com o objetivo de oferecer-lhes ofertas de emprego e oportunidades de capacita\u00e7\u00e3o profissional personalizadas.\u00a0<\/p>\n<p><\/p>\n<p><\/p>\n<p><strong>Pesquisadoras\/es:<\/strong> Paula Cardoso y Paulo Faltay<\/p>\n<p><\/p>\n<p><\/p>\n<p><strong>Coordena\u00e7\u00e3o da pesquisa: <\/strong>Fernanda Bruno<\/p>\n<p><\/p>\n<p><\/p>\n<p><strong>Institui\u00e7\u00e3o de pesquisa: <\/strong>MediaLab de la Universidad Federal de Rio de Janeiro (UFRJ)<\/p>\n<p><\/p>\n<p><\/p>\n<hr class=\"wp-block-separator has-text-color has-background is-style-wide\" style=\"background-color: #e9541e; color: #e9541e;\" \/>\n<p><\/p>\n<p><\/p>\n<figure class=\"wp-block-table is-style-stripes\">\n<table class=\"has-fixed-layout\">\n<tbody>\n<tr>\n<td><strong>Status de implanta\u00e7\u00e3o<\/strong><\/td>\n<td>Em execu\u00e7\u00e3o<\/td>\n<\/tr>\n<tr>\n<td><strong>Data de in\u00edcio do projeto<\/strong><\/td>\n<td>Fevrero de 2019<\/td>\n<\/tr>\n<tr>\n<td><strong>\u00d3rg\u00e3o estatal que implementa o sistema<\/strong><\/td>\n<td>Minist\u00e9rio de Econom\u00eda<\/td>\n<\/tr>\n<tr>\n<td><strong>Desarrollo del sistema<\/strong><\/td>\n<td>P\u00fablico-privado<\/td>\n<\/tr>\n<tr>\n<td><strong>Modelo de financiamento do sistema<\/strong><\/td>\n<td>Privado<\/td>\n<\/tr>\n<tr>\n<td><strong>Participa\u00e7\u00e3o do cidad\u00e3o na tomada de decis\u00e3o\nsobre a implementa\u00e7\u00e3o do sistema <\/strong><br \/><strong>sobre la implementaci\u00f3n del sistema<\/strong><\/td>\n<td>Sim<\/td>\n<\/tr>\n<tr>\n<td><strong>Avalia\u00e7\u00e3o de impacto de direitos humanos<\/strong><\/td>\n<td>N\u00e3o<\/td>\n<\/tr>\n<tr>\n<td><strong>Auditor\u00edas<\/strong><\/td>\n<td>N\u00e3o<\/td>\n<\/tr>\n<tr>\n<td><strong>Uso de dados pessoais<\/strong><\/td>\n<td>Sim<\/td>\n<\/tr>\n<tr>\n<td><strong>Consentimiento espec\u00edfico<\/strong><\/td>\n<td>N\u00e3o<\/td>\n<\/tr>\n<tr>\n<td><strong>Regulamento Geral de Prote\u00e7\u00e3o de Dados Pessoais<\/strong><\/td>\n<td>Sim<\/td>\n<\/tr>\n<tr>\n<td><strong>Autoridade de prote\u00e7\u00e3o de dados pessoais<\/strong><\/td>\n<td>Sim<\/td>\n<\/tr>\n<\/tbody>\n<\/table>\n<\/figure>\n<p><\/p>\n<p><\/p>\n<p><\/p>\t\t\t\t\t\t\t\t<\/div>\n\t\t\t\t<\/div>\n\t\t\t\t<div class=\"elementor-element elementor-element-86e41c4 elementor-widget elementor-widget-button\" data-id=\"86e41c4\" data-element_type=\"widget\" data-e-type=\"widget\" data-no-translation=\"\" data-widget_type=\"button.default\">\n\t\t\t\t<div class=\"elementor-widget-container\">\n\t\t\t\t\t<style>.elementor-element-86e41c4{display:none !important}<\/style>\t\t\t\t<\/div>\n\t\t\t\t<\/div>\n\t\t\t\t<div class=\"elementor-element elementor-element-6eb57a8 elementor-widget elementor-widget-button\" data-id=\"6eb57a8\" data-element_type=\"widget\" data-e-type=\"widget\" data-no-translation=\"\" data-widget_type=\"button.default\">\n\t\t\t\t<div class=\"elementor-widget-container\">\n\t\t\t\t\t<style>.elementor-element-6eb57a8{display:none !important}<\/style>\t\t\t\t<\/div>\n\t\t\t\t<\/div>\n\t\t\t\t<div class=\"elementor-element elementor-element-100c2ef elementor-widget elementor-widget-button\" data-id=\"100c2ef\" data-element_type=\"widget\" data-e-type=\"widget\" data-no-translation=\"\" data-widget_type=\"button.default\">\n\t\t\t\t<div class=\"elementor-widget-container\">\n\t\t\t\t\t\t\t\t\t<div class=\"elementor-button-wrapper\">\n\t\t\t\t\t<a class=\"elementor-button elementor-button-link elementor-size-sm\" href=\"https:\/\/www.derechosdigitales.org\/wp-content\/uploads\/CPC_informe_BRASIL.pdf\" target=\"_blank\">\n\t\t\t\t\t\t<span class=\"elementor-button-content-wrapper\">\n\t\t\t\t\t\t\t\t\t<span class=\"elementor-button-text\">Baixar<\/span>\n\t\t\t\t\t<\/span>\n\t\t\t\t\t<\/a>\n\t\t\t\t<\/div>\n\t\t\t\t\t\t\t\t<\/div>\n\t\t\t\t<\/div>\n\t\t\t\t\t<\/div>\n\t\t<\/div>\n\t\t\t\t\t<\/div>\n\t\t<\/section>\n\t\t\t\t<\/div>","protected":false},"excerpt":{"rendered":"<p>Proyecto desarrollado a partir de un acuerdo entre el gobierno brasile\u00f1o y Microsoft, para facilitar la reubicaci\u00f3n de profesionales desempleadas en el mercado laboral. Busca incorporar herramientas de [&hellip;]<\/p>\n","protected":false},"author":1,"featured_media":3240,"parent":2757,"menu_order":0,"comment_status":"closed","ping_status":"closed","template":"","meta":{"_vp_format_video_url":"","_vp_image_focal_point":{"x":0.49,"y":0.29},"footnotes":""},"class_list":["post-2933","page","type-page","status-publish","has-post-thumbnail","hentry"],"_links":{"self":[{"href":"https:\/\/ia.derechosdigitales.org\/pt\/wp-json\/wp\/v2\/pages\/2933","targetHints":{"allow":["GET"]}}],"collection":[{"href":"https:\/\/ia.derechosdigitales.org\/pt\/wp-json\/wp\/v2\/pages"}],"about":[{"href":"https:\/\/ia.derechosdigitales.org\/pt\/wp-json\/wp\/v2\/types\/page"}],"author":[{"embeddable":true,"href":"https:\/\/ia.derechosdigitales.org\/pt\/wp-json\/wp\/v2\/users\/1"}],"replies":[{"embeddable":true,"href":"https:\/\/ia.derechosdigitales.org\/pt\/wp-json\/wp\/v2\/comments?post=2933"}],"version-history":[{"count":37,"href":"https:\/\/ia.derechosdigitales.org\/pt\/wp-json\/wp\/v2\/pages\/2933\/revisions"}],"predecessor-version":[{"id":4754,"href":"https:\/\/ia.derechosdigitales.org\/pt\/wp-json\/wp\/v2\/pages\/2933\/revisions\/4754"}],"up":[{"embeddable":true,"href":"https:\/\/ia.derechosdigitales.org\/pt\/wp-json\/wp\/v2\/pages\/2757"}],"wp:featuredmedia":[{"embeddable":true,"href":"https:\/\/ia.derechosdigitales.org\/pt\/wp-json\/wp\/v2\/media\/3240"}],"wp:attachment":[{"href":"https:\/\/ia.derechosdigitales.org\/pt\/wp-json\/wp\/v2\/media?parent=2933"}],"curies":[{"name":"wp","href":"https:\/\/api.w.org\/{rel}","templated":true}]}}