{"id":246,"date":"2019-07-02T06:30:13","date_gmt":"2019-07-02T06:30:13","guid":{"rendered":"http:\/\/localhost\/canvas\/?page_id=246"},"modified":"2025-03-17T15:03:47","modified_gmt":"2025-03-17T15:03:47","slug":"acerca","status":"publish","type":"page","link":"https:\/\/ia.derechosdigitales.org\/pt\/acerca\/","title":{"rendered":"Sobre este projeto"},"content":{"rendered":"<div data-elementor-type=\"wp-post\" data-elementor-id=\"246\" class=\"elementor elementor-246\">\n\t\t\t\t\t\t<section class=\"elementor-section elementor-top-section elementor-element elementor-element-72a43e2 elementor-section-boxed elementor-section-height-default elementor-section-height-default\" data-id=\"72a43e2\" data-element_type=\"section\" data-e-type=\"section\" data-settings=\"{&quot;background_background&quot;:&quot;classic&quot;}\">\n\t\t\t\t\t\t<div class=\"elementor-container elementor-column-gap-default\">\n\t\t\t\t\t<div class=\"elementor-column elementor-col-50 elementor-top-column elementor-element elementor-element-a7a1457\" data-id=\"a7a1457\" data-element_type=\"column\" data-e-type=\"column\">\n\t\t\t<div class=\"elementor-widget-wrap elementor-element-populated\">\n\t\t\t\t\t\t<div class=\"elementor-element elementor-element-44d2a97 elementor-widget elementor-widget-heading\" data-id=\"44d2a97\" data-element_type=\"widget\" data-e-type=\"widget\" data-widget_type=\"heading.default\">\n\t\t\t\t<div class=\"elementor-widget-container\">\n\t\t\t\t\t<h2 class=\"elementor-heading-title elementor-size-default\">Sobre este projeto<\/h2>\t\t\t\t<\/div>\n\t\t\t\t<\/div>\n\t\t\t\t<div class=\"elementor-element elementor-element-573e50e elementor-widget elementor-widget-text-editor\" data-id=\"573e50e\" data-element_type=\"widget\" data-e-type=\"widget\" data-widget_type=\"text-editor.default\">\n\t\t\t\t<div class=\"elementor-widget-container\">\n\t\t\t\t\t\t\t\t\t<p>Os r\u00e1pidos avan\u00e7os das tecnologias de intelig\u00eancia artificial levantaram preocupa\u00e7\u00f5es leg\u00edtimas quanto \u00e0s suas consequ\u00eancias negativas, em termos de potencial impacto no exerc\u00edcio dos direitos humanos e, em particular, de aumento do risco da discrimina\u00e7\u00e3o contra grupos historicamente vulner\u00e1veis.<\/p><p>Dadas as consequ\u00eancias potencialmente irrepar\u00e1veis que a implementa\u00e7\u00e3o de t\u00e9cnicas de intelig\u00eancia artificial sem considera\u00e7\u00e3o dos direitos fundamentais pode provocar, \u00e9 necess\u00e1rio analisar as iniciativas e pol\u00edticas que est\u00e3o sendo desenvolvidas, identificando \u00e1reas para melhoria \u00e0 luz dos princ\u00edpios internacionais e as boas pr\u00e1ticas. Ainda mais em uma regi\u00e3o como a Am\u00e9rica Latina, marcada por altos \u00edndices de desigualdade e pela aus\u00eancia de garantias adequadas para a prote\u00e7\u00e3o dos direitos.<\/p><p>Para isso, inicialmente desenvolvemos quatro estudos de caso sobre diferentes implementa\u00e7\u00f5es de intelig\u00eancia artificial em quatro pa\u00edses latino-americanos.<\/p><p class=\"translation-block\">No Brasil, as\/os pesquisadoras\/es investigaram o uso da intelig\u00eancia artificial no Sistema Nacional de Emprego, com o objetivo de facilitar a recoloca\u00e7\u00e3o de profissionais desempregadas no mercado de trabalho. No Chile, a pesquisa foi focada no Sistema Alerta Ni\u00f1ez, que procura estimar e prever o n\u00edvel de risco de crian\u00e7as e adolescentes sofrerem alguma viola\u00e7\u00e3o de seus direitos no futuro. Na Col\u00f4mbia, as\/os pesquisadoras\/es analisaram PretorIA, um projeto do Tribunal Constitucional que procura tornar mais eficiente o processo de sele\u00e7\u00e3o de casos para a tutela judicial de direitos fundamentais. No Uruguai, a pesquisa se concentrou no Coronavirus UY, um aplicativo m\u00f3vel gratuito disponibilizado pelo Minist\u00e9rio da Sa\u00fade P\u00fablica do Uruguai para administrar a pandemia da COVID-19.<\/p><p class=\"translation-block\">Em 2024, realizamos quatro novos estudos sobre o uso da IA como instrumento de pol\u00edticas p\u00fablicas. Na Argentina, analisamos o Chatbot Boti, um assistente autom\u00e1tico implementado pelo Governo da Cidade de Buenos Aires para a autogest\u00e3o de servi\u00e7os online. Na Col\u00f4mbia, investigamos o caso do Fiscal Watson, no qual o sistema de IA IBM Watson foi implementado pela Procuradoria Geral da Na\u00e7\u00e3o. No M\u00e9xico, estudamos o Sistema de A\u00e7\u00e3o Antecipada para Perman\u00eancia Escolar, que utiliza um algoritmo de aprendizado de m\u00e1quina para prever a probabilidade de estudantes atualmente matriculados abandonarem o ensino m\u00e9dio no futuro, no estado de Guanajuato. No Paraguai, analisamos o caso do Portal EmpleaPy, uma plataforma que utiliza algoritmos para conectar a oferta e a demanda no mercado de trabalho.<\/p><p>Os estudos de caso foram desenvolvidos em colabora\u00e7\u00e3o com centros de pesquisa, organiza\u00e7\u00f5es de direitos humanos e pesquisadores: ADC (Argentina), Dejusticia e Fundaci\u00f3n Karisma (Col\u00f4mbia), MediaLab.UFRJ e Red LAVITS (Brasil), Tedic (Paraguai), Dina Yael (Uruguai), Mat\u00edas Valderrama (Chile), Paola Ricaurte e Jacobo N\u00e1jera (M\u00e9xico).<\/p><p>Eventualmente adicionaremos novos estudos de caso nestes e em outros pa\u00edses da Am\u00e9rica Latina<\/p>\t\t\t\t\t\t\t\t<\/div>\n\t\t\t\t<\/div>\n\t\t\t\t\t<\/div>\n\t\t<\/div>\n\t\t\t\t<div class=\"elementor-column elementor-col-50 elementor-top-column elementor-element elementor-element-489c61b\" data-id=\"489c61b\" data-element_type=\"column\" data-e-type=\"column\">\n\t\t\t<div class=\"elementor-widget-wrap elementor-element-populated\">\n\t\t\t\t\t\t<div class=\"elementor-element elementor-element-67ec26e elementor-widget elementor-widget-image\" data-id=\"67ec26e\" data-element_type=\"widget\" data-e-type=\"widget\" data-widget_type=\"image.default\">\n\t\t\t\t<div class=\"elementor-widget-container\">\n\t\t\t\t\t\t\t\t\t\t\t\t\t\t\t<img fetchpriority=\"high\" decoding=\"async\" width=\"570\" height=\"911\" src=\"https:\/\/ia.derechosdigitales.org\/wp-content\/uploads\/2021\/04\/acerca-01.png\" class=\"attachment-large size-large wp-image-3564\" alt=\"\" srcset=\"https:\/\/ia.derechosdigitales.org\/wp-content\/uploads\/2021\/04\/acerca-01.png 570w, https:\/\/ia.derechosdigitales.org\/wp-content\/uploads\/2021\/04\/acerca-01-188x300.png 188w\" sizes=\"(max-width: 570px) 100vw, 570px\" \/>\t\t\t\t\t\t\t\t\t\t\t\t\t\t\t<\/div>\n\t\t\t\t<\/div>\n\t\t\t\t\t<\/div>\n\t\t<\/div>\n\t\t\t\t\t<\/div>\n\t\t<\/section>\n\t\t\t\t<section class=\"elementor-section elementor-top-section elementor-element elementor-element-339897f elementor-section-boxed elementor-section-height-default elementor-section-height-default\" data-id=\"339897f\" data-element_type=\"section\" data-e-type=\"section\" data-settings=\"{&quot;background_background&quot;:&quot;classic&quot;}\">\n\t\t\t\t\t\t<div class=\"elementor-container elementor-column-gap-default\">\n\t\t\t\t\t<div class=\"elementor-column elementor-col-50 elementor-top-column elementor-element elementor-element-dfa2e09\" data-id=\"dfa2e09\" data-element_type=\"column\" data-e-type=\"column\">\n\t\t\t<div class=\"elementor-widget-wrap elementor-element-populated\">\n\t\t\t\t\t\t<div class=\"elementor-element elementor-element-49bc91c elementor-widget elementor-widget-image\" data-id=\"49bc91c\" data-element_type=\"widget\" data-e-type=\"widget\" data-widget_type=\"image.default\">\n\t\t\t\t<div class=\"elementor-widget-container\">\n\t\t\t\t\t\t\t\t\t\t\t\t\t\t\t<img decoding=\"async\" width=\"702\" height=\"266\" src=\"https:\/\/ia.derechosdigitales.org\/wp-content\/uploads\/2025\/03\/ia.derechosdigitales.org_Logo-intermedio.png\" class=\"attachment-large size-large wp-image-5387\" alt=\"\" srcset=\"https:\/\/ia.derechosdigitales.org\/wp-content\/uploads\/2025\/03\/ia.derechosdigitales.org_Logo-intermedio.png 702w, https:\/\/ia.derechosdigitales.org\/wp-content\/uploads\/2025\/03\/ia.derechosdigitales.org_Logo-intermedio-300x114.png 300w, https:\/\/ia.derechosdigitales.org\/wp-content\/uploads\/2025\/03\/ia.derechosdigitales.org_Logo-intermedio-18x7.png 18w, https:\/\/ia.derechosdigitales.org\/wp-content\/uploads\/2025\/03\/ia.derechosdigitales.org_Logo-intermedio-700x265.png 700w\" sizes=\"(max-width: 702px) 100vw, 702px\" \/>\t\t\t\t\t\t\t\t\t\t\t\t\t\t\t<\/div>\n\t\t\t\t<\/div>\n\t\t\t\t\t<\/div>\n\t\t<\/div>\n\t\t\t\t<div class=\"elementor-column elementor-col-50 elementor-top-column elementor-element elementor-element-f404cbe\" data-id=\"f404cbe\" data-element_type=\"column\" data-e-type=\"column\">\n\t\t\t<div class=\"elementor-widget-wrap elementor-element-populated\">\n\t\t\t\t\t\t<div class=\"elementor-element elementor-element-bb63eac elementor-widget elementor-widget-heading\" data-id=\"bb63eac\" data-element_type=\"widget\" data-e-type=\"widget\" data-widget_type=\"heading.default\">\n\t\t\t\t<div class=\"elementor-widget-container\">\n\t\t\t\t\t<h2 class=\"elementor-heading-title elementor-size-default\"><span style=\"left: 599.378px;top: 1077.46px;font-size: 36.4422px;font-family: sans-serif\">Sobre Derechos Digitales<\/span><\/h2>\t\t\t\t<\/div>\n\t\t\t\t<\/div>\n\t\t\t\t<div class=\"elementor-element elementor-element-cc57e65 elementor-widget elementor-widget-text-editor\" data-id=\"cc57e65\" data-element_type=\"widget\" data-e-type=\"widget\" data-widget_type=\"text-editor.default\">\n\t\t\t\t<div class=\"elementor-widget-container\">\n\t\t\t\t\t\t\t\t\t<p>A Derechos Digitales \u00e9 uma organiza\u00e7\u00e3o latino-americana, independente e sem fins lucrativos, fundada em 2005, cujo principal objetivo \u00e9 o desenvolvimento, defesa e promo\u00e7\u00e3o dos direitos humanos no ambiente digital.<\/p><p class=\"translation-block\">Desde 2019, a Derechos Digitales faz parte da rede de Centros de Investiga\u00e7\u00e3o de Pol\u00edticas Cibern\u00e9ticas do Centro Internacional de Investiga\u00e7\u00e3o para o Desenvolvimento (IDRC), junto com organiza\u00e7\u00f5es l\u00edderes em quest\u00f5es tecnol\u00f3gicas e pol\u00edticas no Sul Global.<\/p><p>Um dos nossos objetivos como parte desta rede \u00e9 desenvolver habilidades de advocacia acerca da regula\u00e7\u00e3o e implementa\u00e7\u00e3o de novas tecnologias baseadas em intelig\u00eancia artificial na Am\u00e9rica Latina. Nossa pesquisa procura oferecer contribui\u00e7\u00f5es e ferramentas que facilitem a tomada de decis\u00f5es por parte das autoridades p\u00fablicas e do setor privado, bem como informar a sociedade civil para a sua participa\u00e7\u00e3o ativa nestes processos.<\/p>\t\t\t\t\t\t\t\t<\/div>\n\t\t\t\t<\/div>\n\t\t\t\t\t<\/div>\n\t\t<\/div>\n\t\t\t\t\t<\/div>\n\t\t<\/section>\n\t\t\t\t<section class=\"elementor-section elementor-top-section elementor-element elementor-element-f930e79 contact-form elementor-section-boxed elementor-section-height-default elementor-section-height-default\" data-id=\"f930e79\" data-element_type=\"section\" data-e-type=\"section\" id=\"contacto\" data-settings=\"{&quot;background_background&quot;:&quot;classic&quot;}\">\n\t\t\t\t\t\t<div class=\"elementor-container elementor-column-gap-default\">\n\t\t\t\t\t<div class=\"elementor-column elementor-col-33 elementor-top-column elementor-element elementor-element-591fe76 animated-fast elementor-invisible\" data-id=\"591fe76\" data-element_type=\"column\" data-e-type=\"column\" data-settings=\"{&quot;animation&quot;:&quot;slideInLeft&quot;,&quot;animation_delay&quot;:300}\">\n\t\t\t<div class=\"elementor-widget-wrap elementor-element-populated\">\n\t\t\t\t\t\t<div class=\"elementor-element elementor-element-2ea11bb elementor-widget elementor-widget-heading\" data-id=\"2ea11bb\" data-element_type=\"widget\" data-e-type=\"widget\" data-widget_type=\"heading.default\">\n\t\t\t\t<div class=\"elementor-widget-container\">\n\t\t\t\t\t<h2 class=\"elementor-heading-title elementor-size-default\">Entre em contato conosco!\n<\/h2>\t\t\t\t<\/div>\n\t\t\t\t<\/div>\n\t\t\t\t<div class=\"elementor-element elementor-element-8757fff elementor-widget elementor-widget-text-editor\" data-id=\"8757fff\" data-element_type=\"widget\" data-e-type=\"widget\" data-widget_type=\"text-editor.default\">\n\t\t\t\t<div class=\"elementor-widget-container\">\n\t\t\t\t\t\t\t\t\t<div class=\"elementor-element elementor-element-6b05d6b elementor-widget elementor-widget-text-editor\" data-id=\"6b05d6b\" data-element_type=\"widget\" data-widget_type=\"text-editor.default\"><div class=\"elementor-widget-container\"><div class=\"elementor-text-editor elementor-clearfix\"><p>Precisa de mais informa\u00e7\u00f5es sobre o projeto? Envie-nos uma mensagem e entraremos em contato com voc\u00ea o mais r\u00e1pido poss\u00edvel.<\/p><\/div><\/div><\/div>\t\t\t\t\t\t\t\t<\/div>\n\t\t\t\t<\/div>\n\t\t\t\t<div class=\"elementor-element elementor-element-a8622b2 elementor-position-left elementor-vertical-align-top elementor-widget elementor-widget-image-box\" data-id=\"a8622b2\" data-element_type=\"widget\" data-e-type=\"widget\" data-widget_type=\"image-box.default\">\n\t\t\t\t<div class=\"elementor-widget-container\">\n\t\t\t\t\t<div class=\"elementor-image-box-wrapper\"><figure class=\"elementor-image-box-img\"><img decoding=\"async\" src=\"http:\/\/localhost\/creative-agency\/wp-content\/uploads\/2019\/07\/icon21.png\" title=\"\" alt=\"\" loading=\"lazy\" \/><\/figure><div class=\"elementor-image-box-content\"><p class=\"elementor-image-box-description\">Diagonal Paraguay #458, oficina 202\nSantiago, Chile.<br>\nC\u00f3digo postal: 8330051<\/p><\/div><\/div>\t\t\t\t<\/div>\n\t\t\t\t<\/div>\n\t\t\t\t<div class=\"elementor-element elementor-element-3514126 elementor-position-left elementor-vertical-align-top elementor-widget elementor-widget-image-box\" data-id=\"3514126\" data-element_type=\"widget\" data-e-type=\"widget\" data-widget_type=\"image-box.default\">\n\t\t\t\t<div class=\"elementor-widget-container\">\n\t\t\t\t\t<div class=\"elementor-image-box-wrapper\"><figure class=\"elementor-image-box-img\"><img decoding=\"async\" src=\"http:\/\/localhost\/creative-agency\/wp-content\/uploads\/2019\/07\/icon22.png\" title=\"\" alt=\"\" loading=\"lazy\" \/><\/figure><div class=\"elementor-image-box-content\"><p class=\"elementor-image-box-description\">+56 2 2702 7108\n<\/p><\/div><\/div>\t\t\t\t<\/div>\n\t\t\t\t<\/div>\n\t\t\t\t<div class=\"elementor-element elementor-element-b0fa9af elementor-position-left elementor-vertical-align-top elementor-widget elementor-widget-image-box\" data-id=\"b0fa9af\" data-element_type=\"widget\" data-e-type=\"widget\" data-widget_type=\"image-box.default\">\n\t\t\t\t<div class=\"elementor-widget-container\">\n\t\t\t\t\t<div class=\"elementor-image-box-wrapper\"><figure class=\"elementor-image-box-img\"><img decoding=\"async\" src=\"http:\/\/localhost\/creative-agency\/wp-content\/uploads\/2019\/07\/icon20.png\" title=\"\" alt=\"\" loading=\"lazy\" \/><\/figure><div class=\"elementor-image-box-content\"><p class=\"elementor-image-box-description\">ia.derechosdigitales.org\n<\/p><\/div><\/div>\t\t\t\t<\/div>\n\t\t\t\t<\/div>\n\t\t\t\t\t<\/div>\n\t\t<\/div>\n\t\t\t\t<div class=\"elementor-column elementor-col-66 elementor-top-column elementor-element elementor-element-59d2751 animated-fast elementor-invisible\" data-id=\"59d2751\" data-element_type=\"column\" data-e-type=\"column\" data-settings=\"{&quot;animation&quot;:&quot;slideInRight&quot;,&quot;animation_delay&quot;:300}\">\n\t\t\t<div class=\"elementor-widget-wrap elementor-element-populated\">\n\t\t\t\t\t\t<div class=\"elementor-element elementor-element-2022a86 elementor-widget elementor-widget-heading\" data-id=\"2022a86\" data-element_type=\"widget\" data-e-type=\"widget\" data-widget_type=\"heading.default\">\n\t\t\t\t<div class=\"elementor-widget-container\">\n\t\t\t\t\t<h3 class=\"elementor-heading-title elementor-size-default\">Envie-nos uma mensagem!\n<\/h3>\t\t\t\t<\/div>\n\t\t\t\t<\/div>\n\t\t\t\t<div class=\"elementor-element elementor-element-5ce2383 elementor-widget elementor-widget-shortcode\" data-id=\"5ce2383\" data-element_type=\"widget\" data-e-type=\"widget\" data-widget_type=\"shortcode.default\">\n\t\t\t\t<div class=\"elementor-widget-container\">\n\t\t\t\t\t\t\t<div class=\"elementor-shortcode\">\n<div class=\"wpcf7 no-js\" id=\"wpcf7-f1488-o1\" lang=\"en-US\" dir=\"ltr\" data-wpcf7-id=\"1488\">\n<div class=\"screen-reader-response\"><p role=\"status\" aria-live=\"polite\" aria-atomic=\"true\"><\/p> <ul><\/ul><\/div>\n<form action=\"\/pt\/wp-json\/wp\/v2\/pages\/246#wpcf7-f1488-o1\" method=\"post\" class=\"wpcf7-form init\" aria-label=\"Contact form\" novalidate=\"novalidate\" data-status=\"init\" data-trp-original-action=\"\/pt\/wp-json\/wp\/v2\/pages\/246#wpcf7-f1488-o1\">\n<fieldset class=\"hidden-fields-container\"><input type=\"hidden\" name=\"_wpcf7\" value=\"1488\" \/><input type=\"hidden\" name=\"_wpcf7_version\" value=\"6.1.5\" \/><input type=\"hidden\" name=\"_wpcf7_locale\" value=\"en_US\" \/><input type=\"hidden\" name=\"_wpcf7_unit_tag\" value=\"wpcf7-f1488-o1\" \/><input type=\"hidden\" name=\"_wpcf7_container_post\" value=\"0\" \/><input type=\"hidden\" name=\"_wpcf7_posted_data_hash\" value=\"\" \/>\n<\/fieldset>\n<p><span class=\"wpcf7-form-control-wrap\" data-name=\"your-name\"><span class=\"wpcf7-form-control-wrap\" data-name=\"hcap-cf7\">\t\t<input\n\t\t\t\ttype=\"hidden\"\n\t\t\t\tclass=\"hcaptcha-widget-id\"\n\t\t\t\tname=\"hcaptcha-widget-id\"\n\t\t\t\tvalue=\"eyJzb3VyY2UiOlsiY29udGFjdC1mb3JtLTdcL3dwLWNvbnRhY3QtZm9ybS03LnBocCJdLCJmb3JtX2lkIjoxNDg4fQ==-3bc9b95ec1b735885b03712243c9b8b3\">\n\t\t\t\t<span id=\"hcap_cf7-69d7efb598bf55.70186271\" class=\"wpcf7-form-control h-captcha\"\n\t\t\tdata-sitekey=\"40100b28-21d6-464a-b39c-76b0dd18edbc\"\n\t\t\tdata-theme=\"light\"\n\t\t\tdata-size=\"normal\"\n\t\t\tdata-auto=\"false\"\n\t\t\tdata-ajax=\"false\"\n\t\t\tdata-force=\"false\">\n\t\t<\/span>\n\t\t<input type=\"hidden\" id=\"_wpnonce\" name=\"_wpnonce\" value=\"9091280e3e\" \/><input type=\"hidden\" name=\"_wp_http_referer\" value=\"\/pt\/wp-json\/wp\/v2\/pages\/246\" \/><\/span><input size=\"40\" maxlength=\"400\" class=\"wpcf7-form-control wpcf7-text wpcf7-validates-as-required\" aria-required=\"true\" aria-invalid=\"false\" placeholder=\"Nome\" value=\"\" type=\"text\" name=\"your-name\" \/><\/span><span class=\"wpcf7-form-control-wrap\" data-name=\"your-email\"><input size=\"40\" maxlength=\"400\" class=\"wpcf7-form-control wpcf7-email wpcf7-validates-as-required wpcf7-text wpcf7-validates-as-email\" aria-required=\"true\" aria-invalid=\"false\" placeholder=\"Email\" value=\"\" type=\"email\" name=\"your-email\" \/><\/span><span class=\"wpcf7-form-control-wrap\" data-name=\"your-subject\"><input size=\"40\" maxlength=\"400\" class=\"wpcf7-form-control wpcf7-text\" aria-invalid=\"false\" placeholder=\"Assunto\" value=\"\" type=\"text\" name=\"your-subject\" \/><\/span><span class=\"wpcf7-form-control-wrap\" data-name=\"your-message\"><textarea cols=\"40\" rows=\"10\" maxlength=\"2000\" class=\"wpcf7-form-control wpcf7-textarea\" aria-invalid=\"false\" placeholder=\"Sua mensagem\" name=\"your-message\"><\/textarea><\/span><input class=\"wpcf7-form-control wpcf7-submit has-spinner\" type=\"submit\" value=\"Enviar\" \/>\n<\/p><div class=\"wpcf7-response-output\" aria-hidden=\"true\"><\/div>\n<input type=\"hidden\" name=\"trp-form-language\" value=\"pt\"\/><\/form>\n<\/div>\n<\/div>\n\t\t\t\t\t\t<\/div>\n\t\t\t\t<\/div>\n\t\t\t\t\t<\/div>\n\t\t<\/div>\n\t\t\t\t\t<\/div>\n\t\t<\/section>\n\t\t\t\t<\/div>","protected":false},"excerpt":{"rendered":"<p>Sobre el proyecto El ra\u0301pido avance de las tecnologi\u0301as de inteligencia artificial ha levantado legi\u0301timas preocupaciones respecto de sus consecuencias negativas, relativas a potenciales violaciones de derechos humanos [&hellip;]<\/p>\n","protected":false},"author":1,"featured_media":0,"parent":0,"menu_order":0,"comment_status":"closed","ping_status":"closed","template":"elementor_header_footer","meta":{"_vp_format_video_url":"","_vp_image_focal_point":[],"footnotes":""},"class_list":["post-246","page","type-page","status-publish","hentry"],"_links":{"self":[{"href":"https:\/\/ia.derechosdigitales.org\/pt\/wp-json\/wp\/v2\/pages\/246","targetHints":{"allow":["GET"]}}],"collection":[{"href":"https:\/\/ia.derechosdigitales.org\/pt\/wp-json\/wp\/v2\/pages"}],"about":[{"href":"https:\/\/ia.derechosdigitales.org\/pt\/wp-json\/wp\/v2\/types\/page"}],"author":[{"embeddable":true,"href":"https:\/\/ia.derechosdigitales.org\/pt\/wp-json\/wp\/v2\/users\/1"}],"replies":[{"embeddable":true,"href":"https:\/\/ia.derechosdigitales.org\/pt\/wp-json\/wp\/v2\/comments?post=246"}],"version-history":[{"count":85,"href":"https:\/\/ia.derechosdigitales.org\/pt\/wp-json\/wp\/v2\/pages\/246\/revisions"}],"predecessor-version":[{"id":5390,"href":"https:\/\/ia.derechosdigitales.org\/pt\/wp-json\/wp\/v2\/pages\/246\/revisions\/5390"}],"wp:attachment":[{"href":"https:\/\/ia.derechosdigitales.org\/pt\/wp-json\/wp\/v2\/media?parent=246"}],"curies":[{"name":"wp","href":"https:\/\/api.w.org\/{rel}","templated":true}]}}