{"id":5151,"date":"2023-05-22T19:17:31","date_gmt":"2023-05-22T19:17:31","guid":{"rendered":"https:\/\/ia.derechosdigitales.org\/?page_id=5151"},"modified":"2023-06-05T20:45:21","modified_gmt":"2023-06-05T20:45:21","slug":"toolkit","status":"publish","type":"page","link":"https:\/\/ia.derechosdigitales.org\/en\/toolkit\/","title":{"rendered":""},"content":{"rendered":"<div class=\"wp-block-image\">\n<figure class=\"aligncenter size-full\"><img fetchpriority=\"high\" decoding=\"async\" width=\"650\" height=\"845\" src=\"https:\/\/ia.derechosdigitales.org\/wp-content\/uploads\/2023\/05\/toolkit.jpg\" alt=\"\" class=\"wp-image-5159\" srcset=\"https:\/\/ia.derechosdigitales.org\/wp-content\/uploads\/2023\/05\/toolkit.jpg 650w, https:\/\/ia.derechosdigitales.org\/wp-content\/uploads\/2023\/05\/toolkit-231x300.jpg 231w, https:\/\/ia.derechosdigitales.org\/wp-content\/uploads\/2023\/05\/toolkit-9x12.jpg 9w\" sizes=\"(max-width: 650px) 100vw, 650px\" \/><\/figure>\n<\/div>\n\n\n<figure class=\"wp-block-table\"><table><tbody><tr><td class=\"has-text-align-center\" data-align=\"center\"><a rel=\"noreferrer noopener\" href=\"https:\/\/ia.derechosdigitales.org\/en\/recursos\/#herramientas\" target=\"_blank\"><strong>Download<br>(ES)<\/strong><\/a><\/td><td class=\"has-text-align-center\" data-align=\"center\"><strong><a href=\"https:\/\/ia.derechosdigitales.org\/en\/recursos\/#herramientas\" target=\"_blank\" rel=\"noreferrer noopener\">Download<br>(EN)<\/a><\/strong><\/td><td class=\"has-text-align-center\" data-align=\"center\"><strong><a href=\"https:\/\/ia.derechosdigitales.org\/pt\/recursos\/#herramientas\">Descargar<br>(PT)<\/a><\/strong><\/td><\/tr><\/tbody><\/table><\/figure>\n\n\n\n<p>To guide and facilitate the adoption of a human rights perspective in the development and implementation of public policies that include Artificial Intelligence (AI) technologies, we have built a <strong>toolbox with helpful resources<\/strong>, including a <a rel=\"noreferrer noopener\" href=\"https:\/\/ia.derechosdigitales.org\/wp-content\/uploads\/2022\/05\/DD_IA_01.pdf\" target=\"_blank\"><span style=\"text-decoration: underline;\">brief glossary<\/span><\/a>; a list of <a rel=\"noreferrer noopener\" href=\"https:\/\/ia.derechosdigitales.org\/wp-content\/uploads\/2022\/05\/DD_IA_02.pdf\" target=\"_blank\"><span style=\"text-decoration: underline;\">recommendations to ensure active, representative and effective participation;<\/span><\/a> an analysis of <a rel=\"noreferrer noopener\" href=\"https:\/\/ia.derechosdigitales.org\/wp-content\/uploads\/2022\/05\/DD_IA_03.pdf\" target=\"_blank\"><span style=\"text-decoration: underline;\">outstanding initiatives<\/span><\/a> in the development and implementation of public policies that incorporate AI; a <a rel=\"noreferrer noopener\" href=\"https:\/\/ia.derechosdigitales.org\/wp-content\/uploads\/2022\/10\/DD_IA_04.pdf\" target=\"_blank\"><span style=\"text-decoration: underline;\">set of key questions<\/span><\/a> for the implementation of public policies that include the deployment of AI; and a <span style=\"text-decoration: underline;\"><a rel=\"noreferrer noopener\" href=\"https:\/\/ia.derechosdigitales.org\/wp-content\/uploads\/2022\/05\/DD_IA_05.pdf\" target=\"_blank\">recommended bibliography<\/a>.<\/span><\/p>\n\n\n\n<p>The toolkit is available in <a rel=\"noreferrer noopener\" href=\"https:\/\/ia.derechosdigitales.org\/en\/recursos\/#herramientas\" target=\"_blank\"><span style=\"text-decoration: underline;\">Spanish<\/span><\/a>, <a href=\"https:\/\/ia.derechosdigitales.org\/en\/recursos\/#herramientas\"><span style=\"text-decoration: underline;\">English<\/span><\/a> and <a rel=\"noreferrer noopener\" href=\"https:\/\/ia.derechosdigitales.org\/pt\/recursos\/#herramientas\" target=\"_blank\"><span style=\"text-decoration: underline;\">Portuguese<\/span><\/a>.<\/p>","protected":false},"excerpt":{"rendered":"<p>Descargar(ES) Download(EN) Baixar(PT) Para guiar y facilitar la adopci\u00f3n de una perspectiva de derechos humanos en el desarrollo e implementaci\u00f3n de pol\u00edticas p\u00fablicas que incluyen tecnolog\u00edas de Inteligencia [&hellip;]<\/p>\n","protected":false},"author":3,"featured_media":0,"parent":0,"menu_order":0,"comment_status":"closed","ping_status":"closed","template":"","meta":{"_vp_format_video_url":"","_vp_image_focal_point":[],"footnotes":""},"class_list":["post-5151","page","type-page","status-publish","hentry"],"_links":{"self":[{"href":"https:\/\/ia.derechosdigitales.org\/en\/wp-json\/wp\/v2\/pages\/5151","targetHints":{"allow":["GET"]}}],"collection":[{"href":"https:\/\/ia.derechosdigitales.org\/en\/wp-json\/wp\/v2\/pages"}],"about":[{"href":"https:\/\/ia.derechosdigitales.org\/en\/wp-json\/wp\/v2\/types\/page"}],"author":[{"embeddable":true,"href":"https:\/\/ia.derechosdigitales.org\/en\/wp-json\/wp\/v2\/users\/3"}],"replies":[{"embeddable":true,"href":"https:\/\/ia.derechosdigitales.org\/en\/wp-json\/wp\/v2\/comments?post=5151"}],"version-history":[{"count":12,"href":"https:\/\/ia.derechosdigitales.org\/en\/wp-json\/wp\/v2\/pages\/5151\/revisions"}],"predecessor-version":[{"id":5194,"href":"https:\/\/ia.derechosdigitales.org\/en\/wp-json\/wp\/v2\/pages\/5151\/revisions\/5194"}],"wp:attachment":[{"href":"https:\/\/ia.derechosdigitales.org\/en\/wp-json\/wp\/v2\/media?parent=5151"}],"curies":[{"name":"wp","href":"https:\/\/api.w.org\/{rel}","templated":true}]}}