{"id":2946,"date":"2021-03-24T17:26:31","date_gmt":"2021-03-24T17:26:31","guid":{"rendered":"https:\/\/ia.derechosdigitales.org\/?page_id=2946"},"modified":"2022-06-02T19:41:18","modified_gmt":"2022-06-02T19:41:18","slug":"uruguay-coronavirus-uy","status":"publish","type":"page","link":"https:\/\/ia.derechosdigitales.org\/en\/casos\/uruguay-coronavirus-uy\/","title":{"rendered":"URUGUAY | Coronavirus UY"},"content":{"rendered":"<div data-elementor-type=\"wp-page\" data-elementor-id=\"2946\" class=\"elementor elementor-2946\">\n\t\t\t\t\t\t<section class=\"elementor-section elementor-top-section elementor-element elementor-element-644de473 elementor-section-boxed elementor-section-height-default elementor-section-height-default\" data-id=\"644de473\" data-element_type=\"section\" data-e-type=\"section\">\n\t\t\t\t\t\t<div class=\"elementor-container elementor-column-gap-default\">\n\t\t\t\t\t<div class=\"elementor-column elementor-col-100 elementor-top-column elementor-element elementor-element-7b64c0f0\" data-id=\"7b64c0f0\" data-element_type=\"column\" data-e-type=\"column\">\n\t\t\t<div class=\"elementor-widget-wrap elementor-element-populated\">\n\t\t\t\t\t\t<div class=\"elementor-element elementor-element-33c64653 elementor-widget elementor-widget-text-editor\" data-id=\"33c64653\" data-element_type=\"widget\" data-e-type=\"widget\" data-widget_type=\"text-editor.default\">\n\t\t\t\t<div class=\"elementor-widget-container\">\n\t\t\t\t\t\t\t\t\t\n<p>Coronavirus UY is a free mobile application made available by the Uruguayan Ministry of Public Health that allows monitoring Covid-19 related symptoms and health provision through telemedicine, the identification of contacts infected with Covid-19 and access to information on the pandemic\u2019s evolution in Uruguay. Since June 15, 2020 integrates the Google and Apple\u2019s API for contact tracing through low energy Bluetooth.<\/p>\n\n<p><strong>Researcher:<\/strong> Dina Yael<\/p>\n<hr class=\"wp-block-separator has-text-color has-background is-style-wide\" style=\"background-color: #e9541e; color: #e9541e;\" \/>\n<figure class=\"wp-block-table is-style-stripes\">\n<table class=\"has-fixed-layout\">\n<tbody>\n<tr>\n<td><strong>Implementation State<\/strong><\/td>\n<td>Ongoing<\/td>\n<\/tr>\n<tr>\n<td><strong>Starting Date<\/strong><\/td>\n<td>Marzo de 2020<\/td>\n<\/tr>\n<tr>\n<td><strong>Institution in charge of the implementation<\/strong><\/td>\n<td>Ministerio de Salud P\u00fablica<\/td>\n<\/tr>\n<tr>\n<td><strong>Development of the System<\/strong><\/td>\n<td>Private-Public<\/td>\n<\/tr>\n<tr>\n<td><strong>Financing Model<\/strong><\/td>\n<td>Private-Public<\/td>\n<\/tr>\n<tr>\n<td><strong>Where any participatory mechanism implemented in the decision-making process <\/strong><br \/><strong>about the system?<\/strong><\/td>\n<td>No<\/td>\n<\/tr>\n<tr>\n<td><strong>Human Rights Impact Assessment<\/strong><\/td>\n<td>No<\/td>\n<\/tr>\n<tr>\n<td><strong>Audits<\/strong><\/td>\n<td>Yes<\/td>\n<\/tr>\n<tr>\n<td><strong>Use of Personal Data<\/strong><\/td>\n<td>Yes<\/td>\n<\/tr>\n<tr>\n<td><strong>Specific Consent<\/strong><\/td>\n<td>Yes<\/td>\n<\/tr>\n<tr>\n<td><strong>General Regulation on Personal Data Protection<\/strong><\/td>\n<td>Yes<\/td>\n<\/tr>\n<tr>\n<td><strong>Data Protection Authority<\/strong><\/td>\n<td>Yes<\/td>\n<\/tr>\n<\/tbody>\n<\/table>\n<\/figure>\n\n<div class=\"wp-block-buttons is-horizontal is-content-justification-center is-layout-flex wp-container-core-buttons-is-layout-499968f5 wp-block-buttons-is-layout-flex\">\n<p>\u00a0<\/p>\n\t\t\t\t\t\t\t\t<\/div>\n\t\t\t\t<\/div>\n\t\t\t\t<div class=\"elementor-element elementor-element-f577f42 elementor-widget elementor-widget-button\" data-id=\"f577f42\" data-element_type=\"widget\" data-e-type=\"widget\" data-no-translation=\"\" data-widget_type=\"button.default\">\n\t\t\t\t<div class=\"elementor-widget-container\">\n\t\t\t\t\t<style>.elementor-element-f577f42{display:none !important}<\/style>\t\t\t\t<\/div>\n\t\t\t\t<\/div>\n\t\t\t\t<div class=\"elementor-element elementor-element-c6ff3b3 elementor-widget elementor-widget-button\" data-id=\"c6ff3b3\" data-element_type=\"widget\" data-e-type=\"widget\" data-no-translation=\"\" data-widget_type=\"button.default\">\n\t\t\t\t<div class=\"elementor-widget-container\">\n\t\t\t\t\t<style>.elementor-element-c6ff3b3{display:none !important}<\/style>\t\t\t\t<\/div>\n\t\t\t\t<\/div>\n\t\t\t\t<div class=\"elementor-element elementor-element-fe97c3b elementor-widget elementor-widget-button\" data-id=\"fe97c3b\" data-element_type=\"widget\" data-e-type=\"widget\" data-no-translation=\"\" data-widget_type=\"button.default\">\n\t\t\t\t<div class=\"elementor-widget-container\">\n\t\t\t\t\t\t\t\t\t<div class=\"elementor-button-wrapper\">\n\t\t\t\t\t<a class=\"elementor-button elementor-button-link elementor-size-sm\" href=\"https:\/\/ia.derechosdigitales.org\/wp-content\/uploads\/2022\/03\/07_Informe-Uruguay-EN_180222.pdf\" target=\"_blank\">\n\t\t\t\t\t\t<span class=\"elementor-button-content-wrapper\">\n\t\t\t\t\t\t\t\t\t<span class=\"elementor-button-text\">Download<\/span>\n\t\t\t\t\t<\/span>\n\t\t\t\t\t<\/a>\n\t\t\t\t<\/div>\n\t\t\t\t\t\t\t\t<\/div>\n\t\t\t\t<\/div>\n\t\t\t\t\t<\/div>\n\t\t<\/div>\n\t\t\t\t\t<\/div>\n\t\t<\/section>\n\t\t\t\t<\/div>","protected":false},"excerpt":{"rendered":"<p>Coronavirus UY es una aplicaci\u00f3n m\u00f3vil gratuita disponibilizada por el Ministerio de Salud P\u00fablica uruguayo que permite el seguimiento de s\u00edntomas relacionados al Covid-19 y la atenci\u00f3n por [&hellip;]<\/p>\n","protected":false},"author":1,"featured_media":3241,"parent":2757,"menu_order":0,"comment_status":"closed","ping_status":"closed","template":"","meta":{"_vp_format_video_url":"","_vp_image_focal_point":[],"footnotes":""},"class_list":["post-2946","page","type-page","status-publish","has-post-thumbnail","hentry"],"_links":{"self":[{"href":"https:\/\/ia.derechosdigitales.org\/en\/wp-json\/wp\/v2\/pages\/2946","targetHints":{"allow":["GET"]}}],"collection":[{"href":"https:\/\/ia.derechosdigitales.org\/en\/wp-json\/wp\/v2\/pages"}],"about":[{"href":"https:\/\/ia.derechosdigitales.org\/en\/wp-json\/wp\/v2\/types\/page"}],"author":[{"embeddable":true,"href":"https:\/\/ia.derechosdigitales.org\/en\/wp-json\/wp\/v2\/users\/1"}],"replies":[{"embeddable":true,"href":"https:\/\/ia.derechosdigitales.org\/en\/wp-json\/wp\/v2\/comments?post=2946"}],"version-history":[{"count":15,"href":"https:\/\/ia.derechosdigitales.org\/en\/wp-json\/wp\/v2\/pages\/2946\/revisions"}],"predecessor-version":[{"id":4777,"href":"https:\/\/ia.derechosdigitales.org\/en\/wp-json\/wp\/v2\/pages\/2946\/revisions\/4777"}],"up":[{"embeddable":true,"href":"https:\/\/ia.derechosdigitales.org\/en\/wp-json\/wp\/v2\/pages\/2757"}],"wp:featuredmedia":[{"embeddable":true,"href":"https:\/\/ia.derechosdigitales.org\/en\/wp-json\/wp\/v2\/media\/3241"}],"wp:attachment":[{"href":"https:\/\/ia.derechosdigitales.org\/en\/wp-json\/wp\/v2\/media?parent=2946"}],"curies":[{"name":"wp","href":"https:\/\/api.w.org\/{rel}","templated":true}]}}