{"id":2937,"date":"2021-03-24T17:22:18","date_gmt":"2021-03-24T17:22:18","guid":{"rendered":"https:\/\/ia.derechosdigitales.org\/?page_id=2937"},"modified":"2022-06-02T19:34:44","modified_gmt":"2022-06-02T19:34:44","slug":"chile-sistema-alerta-ninez","status":"publish","type":"page","link":"https:\/\/ia.derechosdigitales.org\/en\/casos\/chile-sistema-alerta-ninez\/","title":{"rendered":"CHILE | Child Alert System"},"content":{"rendered":"<div data-elementor-type=\"wp-page\" data-elementor-id=\"2937\" class=\"elementor elementor-2937\">\n\t\t\t\t\t\t<section class=\"elementor-section elementor-top-section elementor-element elementor-element-61d5f93b elementor-section-boxed elementor-section-height-default elementor-section-height-default\" data-id=\"61d5f93b\" data-element_type=\"section\" data-e-type=\"section\">\n\t\t\t\t\t\t<div class=\"elementor-container elementor-column-gap-default\">\n\t\t\t\t\t<div class=\"elementor-column elementor-col-100 elementor-top-column elementor-element elementor-element-609c270e\" data-id=\"609c270e\" data-element_type=\"column\" data-e-type=\"column\">\n\t\t\t<div class=\"elementor-widget-wrap elementor-element-populated\">\n\t\t\t\t\t\t<div class=\"elementor-element elementor-element-51683a7f elementor-widget elementor-widget-text-editor\" data-id=\"51683a7f\" data-element_type=\"widget\" data-e-type=\"widget\" data-widget_type=\"text-editor.default\">\n\t\t\t\t<div class=\"elementor-widget-container\">\n\t\t\t\t\t\t\t\t\t\n<p>Sistema Alerta Ni\u00f1ez (Childhood Alert System) is a system implemented in Chile to to estimate and predict the risk levels of children and adolescents to suffer violations of their rights in the future, through an analysis of data from different administrative sources. In practice, it generates a \u201crisk index\u201d allowing the cases to be classified in order of priority making it possible for the State to anticipate and intervene early and preventively. The system has also become a platform for registering, managing and monitoring the cases of children and adolescents identified as being at higher risk.<\/p>\n\n<p class=\"translation-block\"><strong>Researcher:<\/strong> Mat\u00edas Valderrama<\/p>\n<hr class=\"wp-block-separator has-text-color has-background is-style-wide\" style=\"background-color: #e9541e; color: #e9541e;\" \/>\n<figure class=\"wp-block-table is-style-stripes\">\n<table class=\"has-fixed-layout\">\n<tbody>\n<tr>\n<td><strong>Implementation State<\/strong><\/td>\n<td>Pilot<\/td>\n<\/tr>\n<tr>\n<td><strong>Starting Date<\/strong><\/td>\n<td>March 2019<\/td>\n<\/tr>\n<tr>\n<td><strong>Institution in charge of the implementation<\/strong><\/td>\n<td>Subsecretar\u00eda de Evaluaci\u00f3n Social, Subsecretaria de Ni\u00f1ez<\/td>\n<\/tr>\n<tr>\n<td><strong>Development of the System<\/strong><\/td>\n<td>Private<\/td>\n<\/tr>\n<tr>\n<td><strong>Financing Model<\/strong><\/td>\n<td>Public<\/td>\n<\/tr>\n<tr>\n<td><strong>Where any participatory mechanism implemented in the decision-making process about the system?<\/strong><\/td>\n<td>No<\/td>\n<\/tr>\n<tr>\n<td><strong>Human Rights Impact Assessment<\/strong><\/td>\n<td>No<\/td>\n<\/tr>\n<tr>\n<td><strong>Audits<\/strong><\/td>\n<td>Yes<\/td>\n<\/tr>\n<tr>\n<td><strong>Use of Personal Data<\/strong><\/td>\n<td>Yes<\/td>\n<\/tr>\n<tr>\n<td><strong>Specific Consent<\/strong><\/td>\n<td>No<\/td>\n<\/tr>\n<tr>\n<td><strong>General Regulation on Personal Data Protection<\/strong><\/td>\n<td>Yes<\/td>\n<\/tr>\n<tr>\n<td><strong>Data Protection Authority<\/strong><\/td>\n<td>No<\/td>\n<\/tr>\n<\/tbody>\n<\/table>\n<\/figure>\n\n<div class=\"wp-block-buttons is-horizontal is-content-justification-center is-layout-flex wp-container-core-buttons-is-layout-499968f5 wp-block-buttons-is-layout-flex\">\n<p>\u00a0<\/p>\n\t\t\t\t\t\t\t\t<\/div>\n\t\t\t\t<\/div>\n\t\t\t\t<div class=\"elementor-element elementor-element-c9eddfa elementor-widget elementor-widget-button\" data-id=\"c9eddfa\" data-element_type=\"widget\" data-e-type=\"widget\" data-no-translation=\"\" data-widget_type=\"button.default\">\n\t\t\t\t<div class=\"elementor-widget-container\">\n\t\t\t\t\t<style>.elementor-element-c9eddfa{display:none !important}<\/style>\t\t\t\t<\/div>\n\t\t\t\t<\/div>\n\t\t\t\t<div class=\"elementor-element elementor-element-0f894fc elementor-widget elementor-widget-button\" data-id=\"0f894fc\" data-element_type=\"widget\" data-e-type=\"widget\" data-no-translation=\"\" data-widget_type=\"button.default\">\n\t\t\t\t<div class=\"elementor-widget-container\">\n\t\t\t\t\t<style>.elementor-element-0f894fc{display:none !important}<\/style>\t\t\t\t<\/div>\n\t\t\t\t<\/div>\n\t\t\t\t<div class=\"elementor-element elementor-element-4137158 elementor-widget elementor-widget-button\" data-id=\"4137158\" data-element_type=\"widget\" data-e-type=\"widget\" data-no-translation=\"\" data-widget_type=\"button.default\">\n\t\t\t\t<div class=\"elementor-widget-container\">\n\t\t\t\t\t\t\t\t\t<div class=\"elementor-button-wrapper\">\n\t\t\t\t\t<a class=\"elementor-button elementor-button-link elementor-size-sm\" href=\"https:\/\/www.derechosdigitales.org\/wp-content\/uploads\/02_Informe-Chile-EN_180222.pdf\" target=\"_blank\">\n\t\t\t\t\t\t<span class=\"elementor-button-content-wrapper\">\n\t\t\t\t\t\t\t\t\t<span class=\"elementor-button-text\">Download<\/span>\n\t\t\t\t\t<\/span>\n\t\t\t\t\t<\/a>\n\t\t\t\t<\/div>\n\t\t\t\t\t\t\t\t<\/div>\n\t\t\t\t<\/div>\n\t\t\t\t\t<\/div>\n\t\t<\/div>\n\t\t\t\t\t<\/div>\n\t\t<\/section>\n\t\t\t\t<\/div>","protected":false},"excerpt":{"rendered":"<p>Sistema inform\u00e1tico implementado en modalidad piloto en Chile. Tiene como objetivo estimar y predecir el nivel de riesgo de ni\u00f1as, ni\u00f1os y adolescentes de sufrir alguna vulneraci\u00f3n en [&hellip;]<\/p>\n","protected":false},"author":1,"featured_media":3238,"parent":2757,"menu_order":0,"comment_status":"closed","ping_status":"closed","template":"","meta":{"_vp_format_video_url":"","_vp_image_focal_point":{"x":0.56,"y":0.82},"footnotes":""},"class_list":["post-2937","page","type-page","status-publish","has-post-thumbnail","hentry"],"_links":{"self":[{"href":"https:\/\/ia.derechosdigitales.org\/en\/wp-json\/wp\/v2\/pages\/2937","targetHints":{"allow":["GET"]}}],"collection":[{"href":"https:\/\/ia.derechosdigitales.org\/en\/wp-json\/wp\/v2\/pages"}],"about":[{"href":"https:\/\/ia.derechosdigitales.org\/en\/wp-json\/wp\/v2\/types\/page"}],"author":[{"embeddable":true,"href":"https:\/\/ia.derechosdigitales.org\/en\/wp-json\/wp\/v2\/users\/1"}],"replies":[{"embeddable":true,"href":"https:\/\/ia.derechosdigitales.org\/en\/wp-json\/wp\/v2\/comments?post=2937"}],"version-history":[{"count":26,"href":"https:\/\/ia.derechosdigitales.org\/en\/wp-json\/wp\/v2\/pages\/2937\/revisions"}],"predecessor-version":[{"id":4770,"href":"https:\/\/ia.derechosdigitales.org\/en\/wp-json\/wp\/v2\/pages\/2937\/revisions\/4770"}],"up":[{"embeddable":true,"href":"https:\/\/ia.derechosdigitales.org\/en\/wp-json\/wp\/v2\/pages\/2757"}],"wp:featuredmedia":[{"embeddable":true,"href":"https:\/\/ia.derechosdigitales.org\/en\/wp-json\/wp\/v2\/media\/3238"}],"wp:attachment":[{"href":"https:\/\/ia.derechosdigitales.org\/en\/wp-json\/wp\/v2\/media?parent=2937"}],"curies":[{"name":"wp","href":"https:\/\/api.w.org\/{rel}","templated":true}]}}