{"id":2934,"date":"2021-03-24T17:22:22","date_gmt":"2021-03-24T17:22:22","guid":{"rendered":"https:\/\/ia.derechosdigitales.org\/?page_id=2934"},"modified":"2022-06-02T19:44:27","modified_gmt":"2022-06-02T19:44:27","slug":"colombia-pretoria","status":"publish","type":"page","link":"https:\/\/ia.derechosdigitales.org\/en\/casos\/colombia-pretoria\/","title":{"rendered":"COLOMBIA | PretorIA"},"content":{"rendered":"<div data-elementor-type=\"wp-page\" data-elementor-id=\"2934\" class=\"elementor elementor-2934\">\n\t\t\t\t\t\t<section class=\"elementor-section elementor-top-section elementor-element elementor-element-163fa090 elementor-section-boxed elementor-section-height-default elementor-section-height-default\" data-id=\"163fa090\" data-element_type=\"section\" data-e-type=\"section\">\n\t\t\t\t\t\t<div class=\"elementor-container elementor-column-gap-default\">\n\t\t\t\t\t<div class=\"elementor-column elementor-col-100 elementor-top-column elementor-element elementor-element-1dab827c\" data-id=\"1dab827c\" data-element_type=\"column\" data-e-type=\"column\">\n\t\t\t<div class=\"elementor-widget-wrap elementor-element-populated\">\n\t\t\t\t\t\t<div class=\"elementor-element elementor-element-49466594 elementor-widget elementor-widget-text-editor\" data-id=\"49466594\" data-element_type=\"widget\" data-e-type=\"widget\" data-widget_type=\"text-editor.default\">\n\t\t\t\t<div class=\"elementor-widget-container\">\n\t\t\t\t\t\t\t\t\t\n<p>A project from the Colombian Constitutional Court, which aims to streamline the selection of cases on the judicial protection of fundamental rights which are part of its jurisdiction. The goal of the system is to classify or label judicial actions based on previously defined and coded categories. As a result, it presents the information in summary cards pointing out the appearance or not of categories in a text. It makes possible to get statistics and identify recurring themes within its jurisprudence as a decision-making tool.<\/p>\n\n<p class=\"translation-block\"><strong>Researchers: <\/strong>V\u00edctor Saavedra y Juan Carlos Upegui<\/p>\n\n<p><strong>Institution:\u00a0<\/strong>Dejusticia<\/p>\n<hr class=\"wp-block-separator has-text-color has-background is-style-wide\" style=\"background-color: #e9541e; color: #e9541e;\" \/>\n<figure class=\"wp-block-table is-style-stripes\">\n<table class=\"has-fixed-layout\">\n<tbody>\n<tr>\n<td><strong>Implementation State<\/strong><\/td>\n<td>Testing<\/td>\n<\/tr>\n<tr>\n<td><strong>Starting Date<\/strong><\/td>\n<td>July 2020<\/td>\n<\/tr>\n<tr>\n<td><strong>Institution in charge of the implementation<\/strong><\/td>\n<td>Colombian Constitutional Court<\/td>\n<\/tr>\n<tr>\n<td><strong>Development of the System<\/strong><\/td>\n<td>Public<\/td>\n<\/tr>\n<tr>\n<td><strong>Financing Model<\/strong><\/td>\n<td>Private<\/td>\n<\/tr>\n<tr>\n<td><strong>Where any participatory mechanism implemented in the decision-making process about the system?<\/strong><\/td>\n<td>No<\/td>\n<\/tr>\n<tr>\n<td><strong>Human Rights Impact Assessment<\/strong><\/td>\n<td>No<\/td>\n<\/tr>\n<tr>\n<td><strong>Audits<\/strong><\/td>\n<td>No<\/td>\n<\/tr>\n<tr>\n<td><strong>Use of Personal Data<\/strong><\/td>\n<td>No<\/td>\n<\/tr>\n<tr>\n<td><strong>Specific Consent<\/strong><\/td>\n<td>No<\/td>\n<\/tr>\n<tr>\n<td><strong>General Regulation on Personal Data Protection<\/strong><\/td>\n<td>Yes<\/td>\n<\/tr>\n<tr>\n<td><strong>Data Protection Authority<\/strong><\/td>\n<td>Yes<\/td>\n<\/tr>\n<\/tbody>\n<\/table>\n<\/figure>\n\n<div class=\"wp-block-buttons is-horizontal is-content-justification-center is-layout-flex wp-container-core-buttons-is-layout-499968f5 wp-block-buttons-is-layout-flex\">\n<p>\u00a0<\/p>\n\t\t\t\t\t\t\t\t<\/div>\n\t\t\t\t<\/div>\n\t\t\t\t<div class=\"elementor-element elementor-element-9cf889d elementor-widget elementor-widget-button\" data-id=\"9cf889d\" data-element_type=\"widget\" data-e-type=\"widget\" data-no-translation=\"\" data-widget_type=\"button.default\">\n\t\t\t\t<div class=\"elementor-widget-container\">\n\t\t\t\t\t\t\t\t\t<div class=\"elementor-button-wrapper\">\n\t\t\t\t\t<a class=\"elementor-button elementor-button-link elementor-size-sm\" href=\"https:\/\/ia.derechosdigitales.org\/wp-content\/uploads\/2022\/03\/05_Informe-Colombia-EN_180222_compressed.pdf\" target=\"_blank\">\n\t\t\t\t\t\t<span class=\"elementor-button-content-wrapper\">\n\t\t\t\t\t\t\t\t\t<span class=\"elementor-button-text\">Download<\/span>\n\t\t\t\t\t<\/span>\n\t\t\t\t\t<\/a>\n\t\t\t\t<\/div>\n\t\t\t\t\t\t\t\t<\/div>\n\t\t\t\t<\/div>\n\t\t\t\t<div class=\"elementor-element elementor-element-15b3178 elementor-widget elementor-widget-button\" data-id=\"15b3178\" data-element_type=\"widget\" data-e-type=\"widget\" data-no-translation=\"\" data-widget_type=\"button.default\">\n\t\t\t\t<div class=\"elementor-widget-container\">\n\t\t\t\t\t<style>.elementor-element-15b3178{display:none !important}<\/style>\t\t\t\t<\/div>\n\t\t\t\t<\/div>\n\t\t\t\t<div class=\"elementor-element elementor-element-781ff05 elementor-widget elementor-widget-button\" data-id=\"781ff05\" data-element_type=\"widget\" data-e-type=\"widget\" data-no-translation=\"\" data-widget_type=\"button.default\">\n\t\t\t\t<div class=\"elementor-widget-container\">\n\t\t\t\t\t<style>.elementor-element-781ff05{display:none !important}<\/style>\t\t\t\t<\/div>\n\t\t\t\t<\/div>\n\t\t\t\t\t<\/div>\n\t\t<\/div>\n\t\t\t\t\t<\/div>\n\t\t<\/section>\n\t\t\t\t<\/div>","protected":false},"excerpt":{"rendered":"<p>Proyecto de la Corte Constitucional colombiana, que tiene el prop\u00f3sito de hacer m\u00e1s eficiente el proceso de selecci\u00f3n de casos de tutela judicial de derechos fundamentales, que forman [&hellip;]<\/p>\n","protected":false},"author":1,"featured_media":3239,"parent":2757,"menu_order":0,"comment_status":"closed","ping_status":"closed","template":"","meta":{"_vp_format_video_url":"","_vp_image_focal_point":{"x":0.36,"y":0.75},"footnotes":""},"class_list":["post-2934","page","type-page","status-publish","has-post-thumbnail","hentry"],"_links":{"self":[{"href":"https:\/\/ia.derechosdigitales.org\/en\/wp-json\/wp\/v2\/pages\/2934","targetHints":{"allow":["GET"]}}],"collection":[{"href":"https:\/\/ia.derechosdigitales.org\/en\/wp-json\/wp\/v2\/pages"}],"about":[{"href":"https:\/\/ia.derechosdigitales.org\/en\/wp-json\/wp\/v2\/types\/page"}],"author":[{"embeddable":true,"href":"https:\/\/ia.derechosdigitales.org\/en\/wp-json\/wp\/v2\/users\/1"}],"replies":[{"embeddable":true,"href":"https:\/\/ia.derechosdigitales.org\/en\/wp-json\/wp\/v2\/comments?post=2934"}],"version-history":[{"count":13,"href":"https:\/\/ia.derechosdigitales.org\/en\/wp-json\/wp\/v2\/pages\/2934\/revisions"}],"predecessor-version":[{"id":4780,"href":"https:\/\/ia.derechosdigitales.org\/en\/wp-json\/wp\/v2\/pages\/2934\/revisions\/4780"}],"up":[{"embeddable":true,"href":"https:\/\/ia.derechosdigitales.org\/en\/wp-json\/wp\/v2\/pages\/2757"}],"wp:featuredmedia":[{"embeddable":true,"href":"https:\/\/ia.derechosdigitales.org\/en\/wp-json\/wp\/v2\/media\/3239"}],"wp:attachment":[{"href":"https:\/\/ia.derechosdigitales.org\/en\/wp-json\/wp\/v2\/media?parent=2934"}],"curies":[{"name":"wp","href":"https:\/\/api.w.org\/{rel}","templated":true}]}}