{"id":2765,"date":"2021-03-09T17:09:40","date_gmt":"2021-03-09T17:09:40","guid":{"rendered":"https:\/\/ia.derechosdigitales.org\/?page_id=2765"},"modified":"2022-06-07T21:48:36","modified_gmt":"2022-06-07T21:48:36","slug":"politicas-publicas","status":"publish","type":"page","link":"https:\/\/ia.derechosdigitales.org\/en\/politicas-publicas\/","title":{"rendered":"Public Policy"},"content":{"rendered":"\t\t<div data-elementor-type=\"wp-page\" data-elementor-id=\"2765\" class=\"elementor elementor-2765\">\n\t\t\t\t\t\t<section class=\"elementor-section elementor-top-section elementor-element elementor-element-b246c5b elementor-section-boxed elementor-section-height-default elementor-section-height-default\" data-id=\"b246c5b\" data-element_type=\"section\" data-e-type=\"section\">\n\t\t\t\t\t\t<div class=\"elementor-container elementor-column-gap-default\">\n\t\t\t\t\t<div class=\"elementor-column elementor-col-100 elementor-top-column elementor-element elementor-element-200687c\" data-id=\"200687c\" data-element_type=\"column\" data-e-type=\"column\">\n\t\t\t<div class=\"elementor-widget-wrap elementor-element-populated\">\n\t\t\t\t\t\t<div class=\"elementor-element elementor-element-525e007 elementor-widget elementor-widget-heading\" data-id=\"525e007\" data-element_type=\"widget\" data-e-type=\"widget\" data-widget_type=\"heading.default\">\n\t\t\t\t<div class=\"elementor-widget-container\">\n\t\t\t\t\t<h2 class=\"elementor-heading-title elementor-size-default\">Pol\u00edticas P\u00fablicas<\/h2>\t\t\t\t<\/div>\n\t\t\t\t<\/div>\n\t\t\t\t\t<\/div>\n\t\t<\/div>\n\t\t\t\t\t<\/div>\n\t\t<\/section>\n\t\t\t\t<section class=\"elementor-section elementor-top-section elementor-element elementor-element-1aea181 elementor-section-boxed elementor-section-height-default elementor-section-height-default\" data-id=\"1aea181\" data-element_type=\"section\" data-e-type=\"section\">\n\t\t\t\t\t\t<div class=\"elementor-container elementor-column-gap-default\">\n\t\t\t\t\t<div class=\"elementor-column elementor-col-100 elementor-top-column elementor-element elementor-element-b175f2e\" data-id=\"b175f2e\" data-element_type=\"column\" data-e-type=\"column\">\n\t\t\t<div class=\"elementor-widget-wrap elementor-element-populated\">\n\t\t\t\t\t\t<div class=\"elementor-element elementor-element-3b9fbe8 elementor-widget elementor-widget-text-editor\" data-id=\"3b9fbe8\" data-element_type=\"widget\" data-e-type=\"widget\" data-widget_type=\"text-editor.default\">\n\t\t\t\t<div class=\"elementor-widget-container\">\n\t\t\t\t\t\t\t\t\t<p>Ac\u00e1 encontraras una visualizaci\u00f3n del desarrollo de pol\u00edticas nacionales de inteligencia artificial en Am\u00e9rica Latina. Haz clic en cualquiera de los pa\u00edses para obtener m\u00e1s informaci\u00f3n.<\/p>\t\t\t\t\t\t\t\t<\/div>\n\t\t\t\t<\/div>\n\t\t\t\t\t<\/div>\n\t\t<\/div>\n\t\t\t\t\t<\/div>\n\t\t<\/section>\n\t\t\t\t<section class=\"elementor-section elementor-top-section elementor-element elementor-element-aa44ae9 elementor-section-boxed elementor-section-height-default elementor-section-height-default\" data-id=\"aa44ae9\" data-element_type=\"section\" data-e-type=\"section\">\n\t\t\t\t\t\t<div class=\"elementor-container elementor-column-gap-default\">\n\t\t\t\t\t<div class=\"elementor-column elementor-col-100 elementor-top-column elementor-element elementor-element-f4611dc\" data-id=\"f4611dc\" data-element_type=\"column\" data-e-type=\"column\">\n\t\t\t<div class=\"elementor-widget-wrap elementor-element-populated\">\n\t\t\t\t\t\t<div class=\"elementor-element elementor-element-99a730c elementor-widget elementor-widget-html\" data-id=\"99a730c\" data-element_type=\"widget\" data-e-type=\"widget\" data-widget_type=\"html.default\">\n\t\t\t\t<div class=\"elementor-widget-container\">\n\t\t\t\t\t<!-- Mapa para vista escritorio -->\n\t\t\t\t<div class=\"d-none d-sm-none d-md-block col-md-12\" id=\"map\" style=\"height: 800px; width: 1200px;\"><\/div> <br><br><br>\n\n\t\t\t\t<!-- Listado para vista mobile -->\n\t\t\t\t<div class=\"d-md-none\">\n\t\t\t\t\t<div class=\"row\">\n\t\t\t\t\t\t<h6 class=\"ml-3\">Pa\u00edses que poseen una estrategia IA<\/h6><hr>\n\t\t\t\t\t<\/div>\n\t\t\t\t\t<div class=\"row\">\n\t\t\t\t\t\t<ul class=\"list-group\">\n\t\t\t\t\t\t\t<li class=\"list-group-item\">Argentina: <a target=\"_blank\" href=\"https:\/\/ia-latam.com\/wp-content\/uploads\/2020\/09\/Plan-Nacional-de-Inteligencia-Artificial.pdf\">Descargar documento<\/a><\/li>\n\t\t\t\t\t\t\t<li class=\"list-group-item\">Colombia: <a target=\"_blank\" href=\"https:\/\/www.mintic.gov.co\/portal\/715\/articles-107147_recurso_1.pdf\">Descargar documento<\/a><\/li>\n\t\t\t\t\t\t\t<li class=\"list-group-item\">Uruguay: <a target=\"_blank\" href=\"https:\/\/www.gub.uy\/agencia-gobierno-electronico-sociedad-informacion-conocimiento\/sites\/agencia-gobierno-electronico-sociedad-informacion-conocimiento\/files\/documentos\/publicaciones\/Estrategia_IA%20-%20versi%C3%B3n%20espa%C3%B1ol.pdf\">Descargar documento<\/a><\/li>\n\t\t\t\t\t\t<\/ul>\n\t\t\t\t\t<\/div>\n\n\t\t\t\t\t<br>\n\t\t\t\t\t<div class=\"row\">\n\t\t\t\t\t\t<h6 class=\"ml-3\">Pa\u00edses est\u00e1n en desarrollo de una estrategia IA<\/h6><hr>\n\t\t\t\t\t<\/div>\n\t\t\t\t\t<div class=\"row\">\n\t\t\t\t\t\t<ul class=\"list-group\">\n\t\t\t\t\t\t\t<li class=\"list-group-item\">Brasil: <a target=\"_blank\" href=\"http:\/\/participa.br\/profile\/estrategia-brasileira-de-inteligencia-artificial\">Descargar documento<\/a><\/li>\n\t\t\t\t\t\t\t<li class=\"list-group-item\">Chile: <a target=\"_blank\" href=\"https:\/\/www.minciencia.gob.cl\/sites\/default\/files\/borrador_politica_nacional_de_ia.Plan-Nacional-de-Inteligencia-Artificial\">Descargar documento<\/a><\/li>\n\t\t\t\t\t\t\t<li class=\"list-group-item\">M\u00e9xico: <a target=\"_blank\" href=\"https:\/\/36dc704c-0d61-4da0-87fa-917581cbce16.filesusr.com\/ugd\/7be025_6f45f669e2fa4910b32671a001074987.pdf\">Descargar documento<\/a><\/li>\n\t\t\t\t\t\t<\/ul>\n\t\t\t\t\t<\/div>\n\n\t\t\t\t\t<br>\n\t\t\t\t\t<div class=\"row\">\n\t\t\t\t\t\t<h6 class=\"ml-3\">Pa\u00edses que no poseen una estrategia IA<\/h6><hr>\n\t\t\t\t\t<\/div>\n\t\t\t\t\t<div class=\"row\">\n\t\t\t\t\t\t<ul class=\"list-group\">\n\t\t\t\t\t\t\t<li class=\"list-group-item\">Belice<\/li>\n\t\t\t\t\t\t\t<li class=\"list-group-item\">Bolivia<\/li>\n\t\t\t\t\t\t\t<li class=\"list-group-item\">Costa Rica<\/li>\n\t\t\t\t\t\t\t<li class=\"list-group-item\">Cuba<\/li>\n\t\t\t\t\t\t\t<li class=\"list-group-item\">Ecuador<\/li>\n\t\t\t\t\t\t\t<li class=\"list-group-item\">El Salvador<\/li>\n\t\t\t\t\t\t\t<li class=\"list-group-item\">Guatemala<\/li>\n\t\t\t\t\t\t\t<li class=\"list-group-item\">Hait\u00ed<\/li>\n\t\t\t\t\t\t\t<li class=\"list-group-item\">Honduras<\/li>\n\t\t\t\t\t\t\t<li class=\"list-group-item\">Nicaragua<\/li>\n\t\t\t\t\t\t\t<li class=\"list-group-item\">Panam\u00e1<\/li>\n\t\t\t\t\t\t\t<li class=\"list-group-item\">Paraguay<\/li>\n\t\t\t\t\t\t\t<li class=\"list-group-item\">Per\u00fa<\/li>\n\t\t\t\t\t\t\t<li class=\"list-group-item\">Rep\u00fablica Dominicana<\/li>\n\t\t\t\t\t\t\t<li class=\"list-group-item\">Venezuela<\/li>\n\t\t\t\t\t\t<\/ul>\n\t\t\t\t\t<\/div>\n\n\t\t\t\t\t<br>\n\t\t\t\t\t<div class=\"row\">\n\t\t\t\t\t\t<h6 class=\"ml-3\">No hay informaci\u00f3n sobre el desarrollo de una estrategia IA en el resto de los pa\u00edses de Latino Am\u00e9rica y el Caribe.<\/h6><hr>\n\t\t\t\t\t<\/div>\n\t\t\t\t<\/div>\n\n<script>\n\n    var url = window.location.pathname;\n\n\t\/\/ Estados\n\tvar cat = [\n\t\t['Sin informaci\u00f3n', '#d4d4d4'],\n\t\t['No posee estrategia', '#fee073'],\n\t\t['Estrategia en desarrollo', '#f08318'],\n\t\t['Posee una estrategia', '#c98e52']\n\t];\n\n\tvar maxZoomMap = 7;\n\tvar minZoomMap = 3;\n\n\t\/\/ initialize the map\n\tvar map = L.map('map').setView([-17, -70], 3);\n\n\n\t\/\/ Change default values of colors\n\tlet defaultToDarkFilter = [\n        'grayscale:100%',\n        'invert:100%',\n    ]\n\n\n \t\/\/ load a tile layer\n  \tL.tileLayer('https:\/\/{s}.tile.openstreetmap.org\/{z}\/{x}\/{y}.png',\n    \t{\n      \t\tattribution: 'Map data &copy; OpenStreetMap contributors',\n      \t\tmaxZoom: maxZoomMap,\n      \t\tminZoom: minZoomMap\n    \t}).addTo(map);\n  \n  \tfunction getColor(d) {\n  \t\tif (d == null || d == undefined) { \n  \t\t\td = 0;\n  \t\t}\n  \t\treturn cat[d][1];\n\t}\n\n\tfunction getLabel(d) {\n  \t\tif (d == null || d == undefined) { \n  \t\t\td = 0;\n  \t\t}\n  \t\treturn cat[d][0];\n\t}\n\n\tfunction style(feature) {\n\t\treturn {\n\t\t\tweight: 1,\n\t\t\topacity: 1,\n\t\t\tcolor: 'white',\n\t\t\t\/\/dashArray: '1', \n\t\t\tfillOpacity: 1,\n\t\t\tfillColor: getColor(feature.properties.IA)\n\t\t};\n\t}\n\n\tfunction highlightFeature(e) {\n    \tvar layer = e.target;\n\n    \tlayer.setStyle({\n        \tweight: 3,\n        \topacity: 1,\n        \tcolor: 'red',\n        \tdashArray: '0',\n    \t});\n\n    \tif (!L.Browser.ie && !L.Browser.opera && !L.Browser.edge) {\n        \tlayer.bringToFront();\n    \t}\n\t}\n\n\tfunction resetHighlight(e) {\n    \tgeojson.resetStyle(e.target);\n    \t\/\/  Info\n    \t\/\/info.update();\n\t}\n\n\tfunction zoomToFeature(e) {\n    \tmap.fitBounds(e.target.getBounds());\n\t}\n\n\tfunction onEachFeature(feature, layer) {\n\t    layer.on({\n\t        mouseover: highlightFeature,\n\t        mouseout: resetHighlight,\n\t        click: zoomToFeature\n\t    });\n\t}\n\n\t\/\/ Pane\n\tmap.createPane('labels');\n\n\t\/\/ This pane is above markers but below popups\n\tmap.getPane('labels').style.zIndex = 650;\n\n\t\/\/ Layers in this pane are non-interactive and do not obscure mouse\/touch events\n\tmap.getPane('labels').style.pointerEvents = 'none';\n\n\tvar cartodbAttribution = '&copy; <a href=\"https:\/\/www.openstreetmap.org\/copyright\">OpenStreetMap<\/a> contributors, &copy; <a href=\"https:\/\/carto.com\/attribution\">CARTO<\/a>';\n\n\tvar positron = L.tileLayer('http:\/\/{s}.basemaps.cartocdn.com\/rastertiles\/voyager\/{z}\/{x}\/{y}.png', {\n\t\tattribution: cartodbAttribution,\n\t\tmaxZoom: maxZoomMap,\n      \tminZoom: minZoomMap\n\t}).addTo(map);\n\n\t\n\tvar positronLabels = L.tileLayer('http:\/\/{s}.basemaps.cartocdn.com\/rastertiles\/voyager_only_labels\/{z}\/{x}\/{y}.png', {\n\t\tattribution: cartodbAttribution,\n\t\tpane: 'labels',\n\t\tmaxZoom: maxZoomMap,\n      \tminZoom: minZoomMap\n\t}).addTo(map);\n\t\n\n\tvar geojson = L.geoJson(lac, {\n\t\tstyle: style,\n\t\tonEachFeature: onEachFeature\n\t}).addTo(map);\n\n\n\t\/\/ Title\n\tvar info = L.control({position: 'topright'});\n\n\tinfo.onAdd = function (map) {\n\t\tvar div = L.DomUtil.create('div', 'info');\n\t\t\n\t\tif (url == '\/en\/politicas-publicas\/') {\n\t\tdiv.innerHTML = '<p class=\"map-title\">State of AI public policies in Latin America<\/p>';\n\t\t}\n\t\telse {\n\t\t    div.innerHTML = '<p class=\"map-title\">Estado de las pol\u00edticas p\u00fablicas de IA en Am\u00e9rica Latina<\/p>';\n\t\t}\n\n\t\treturn div;\n\t}\n\n\tinfo.addTo(map);\n\n\t\/\/ Legend\n\tvar legend = L.control({position: 'bottomright'});\n\n\tlegend.onAdd = function (map) {\n\n\t\tvar div = L.DomUtil.create('div', 'info legend'),\n\t\t\tgrades = [0, 1, 2, 3],\n\t\t\tlabels = [];\n\n\t\tfor (var i = 0; i < grades.length; i++) {\n\n\t\t\tlabels.push(\n\t\t\t\t'<i style=\"background:' + getColor(grades[i]) + '\"><\/i> ' + getLabel(grades[i])\n\t\t\t);\n\t\t}\n\n\t\tdiv.innerHTML = labels.join('<br>');\n\t\treturn div;\n\t};\n\n\tlegend.addTo(map);\n\n\n\t\/\/ Popup\n\tgeojson.eachLayer(function (layer) {\n\t\tvar status;\n\t\tif (layer.feature.properties.IA == 3) {\n\t\t\tstatus = \"<b>\" + layer.feature.properties.NAME + \"<\/b><br>Posee una estrategia\"; \n\t\t\tif (layer.feature.properties.URL  != null || layer.feature.properties.URL  != undefined) { \n\t\t\t\tstatus += \"<br> <a target='_blank' href='\" + layer.feature.properties.URL + \"'>Descargar documento<\/a>\";\n\t\t\t}\n\t\t}\n\t\telse if (layer.feature.properties.IA == 2) {\n\t\t\tstatus = \"<b>\" + layer.feature.properties.NAME + \"<\/b><br>Estrategia en construcci\u00f3n\";\n\t\t\tif (layer.feature.properties.URL  != null || layer.feature.properties.URL  != undefined) { \n\t\t\t\tstatus += \"<br> <a target='_blank' href='\" + layer.feature.properties.URL + \"'>Descargar documento<\/a>\";\n\t\t\t}\n\t\t}\n\t\telse if (layer.feature.properties.IA == 1) {\n\t\t\tstatus = \"<b>\" + layer.feature.properties.NAME + \"<\/b><br>No posee estrategia\";\n\t\t}\n\t\telse {\n\t\t\tstatus = \"<b>\" + layer.feature.properties.NAME + \"<\/b><br>Sin informaci\u00f3n\";\n\t\t}\n\t\tlayer.bindPopup(status);\n\t\t\n\t});\n\n<\/script>\t\t\t\t<\/div>\n\t\t\t\t<\/div>\n\t\t\t\t\t<\/div>\n\t\t<\/div>\n\t\t\t\t\t<\/div>\n\t\t<\/section>\n\t\t\t\t<section class=\"elementor-section elementor-top-section elementor-element elementor-element-d9c3120 elementor-section-boxed elementor-section-height-default elementor-section-height-default\" data-id=\"d9c3120\" data-element_type=\"section\" data-e-type=\"section\">\n\t\t\t\t\t\t<div class=\"elementor-container elementor-column-gap-default\">\n\t\t\t\t\t<div class=\"elementor-column elementor-col-100 elementor-top-column elementor-element elementor-element-1e2abf9\" data-id=\"1e2abf9\" data-element_type=\"column\" data-e-type=\"column\">\n\t\t\t<div class=\"elementor-widget-wrap elementor-element-populated\">\n\t\t\t\t\t\t<div class=\"elementor-element elementor-element-98f59db elementor-widget elementor-widget-text-editor\" data-id=\"98f59db\" data-element_type=\"widget\" data-e-type=\"widget\" data-widget_type=\"text-editor.default\">\n\t\t\t\t<div class=\"elementor-widget-container\">\n\t\t\t\t\t\t\t\t\t<p>Tal como indica el mapa, algunos pa\u00edses de Am\u00e9rica Latina ya han presentado documentos con lineamientos nacionales sobre Inteligencia Artificial. Con la finalidad de conocer el grado de participaci\u00f3n de las diversas partes interesadas en la construcci\u00f3n de estas pol\u00edticas, desarrollamos la investigaci\u00f3n\u00a0 \u201c<strong>Inteligencia Artificial y participaci\u00f3n en Am\u00e9rica Latina<\/strong>\u201d, analizando los casos de Brasil, Colombia, Chile y Uruguay. La investigaci\u00f3n est\u00e1 disponible en <span style=\"text-decoration: underline;\"><a href=\"https:\/\/ia.derechosdigitales.org\/wp-content\/uploads\/2022\/06\/IA-and-Inclusion-Brasil-2-ES.pdf\" target=\"_blank\" rel=\"noopener\">castellano<\/a><\/span>, <span style=\"text-decoration: underline;\"><a href=\"https:\/\/ia.derechosdigitales.org\/wp-content\/uploads\/2022\/06\/IA-and-Inclusion-Brasil-2-EN.pdf\" target=\"_blank\" rel=\"noopener\">ingl\u00e9s<\/a><\/span> y <span style=\"text-decoration: underline;\"><a href=\"https:\/\/ia.derechosdigitales.org\/wp-content\/uploads\/2022\/06\/IA-and-Inclusion-Brasil-2-PT.pdf\" target=\"_blank\" rel=\"noopener\">portugu\u00e9s<\/a><\/span>.<\/p>\t\t\t\t\t\t\t\t<\/div>\n\t\t\t\t<\/div>\n\t\t\t\t\t<\/div>\n\t\t<\/div>\n\t\t\t\t\t<\/div>\n\t\t<\/section>\n\t\t\t\t<\/div>\n\t\t","protected":false},"excerpt":{"rendered":"<p>Pol\u00edticas P\u00fablicas Ac\u00e1 encontraras una visualizaci\u00f3n del desarrollo de pol\u00edticas nacionales de inteligencia artificial en Am\u00e9rica Latina. Haz clic en cualquiera de los pa\u00edses para obtener m\u00e1s informaci\u00f3n. [&hellip;]<\/p>\n","protected":false},"author":1,"featured_media":0,"parent":0,"menu_order":0,"comment_status":"closed","ping_status":"closed","template":"elementor_header_footer","meta":{"_vp_format_video_url":"","_vp_image_focal_point":[],"footnotes":""},"class_list":["post-2765","page","type-page","status-publish","hentry"],"_links":{"self":[{"href":"https:\/\/ia.derechosdigitales.org\/en\/wp-json\/wp\/v2\/pages\/2765","targetHints":{"allow":["GET"]}}],"collection":[{"href":"https:\/\/ia.derechosdigitales.org\/en\/wp-json\/wp\/v2\/pages"}],"about":[{"href":"https:\/\/ia.derechosdigitales.org\/en\/wp-json\/wp\/v2\/types\/page"}],"author":[{"embeddable":true,"href":"https:\/\/ia.derechosdigitales.org\/en\/wp-json\/wp\/v2\/users\/1"}],"replies":[{"embeddable":true,"href":"https:\/\/ia.derechosdigitales.org\/en\/wp-json\/wp\/v2\/comments?post=2765"}],"version-history":[{"count":55,"href":"https:\/\/ia.derechosdigitales.org\/en\/wp-json\/wp\/v2\/pages\/2765\/revisions"}],"predecessor-version":[{"id":4985,"href":"https:\/\/ia.derechosdigitales.org\/en\/wp-json\/wp\/v2\/pages\/2765\/revisions\/4985"}],"wp:attachment":[{"href":"https:\/\/ia.derechosdigitales.org\/en\/wp-json\/wp\/v2\/media?parent=2765"}],"curies":[{"name":"wp","href":"https:\/\/api.w.org\/{rel}","templated":true}]}}