{"id":246,"date":"2019-07-02T06:30:13","date_gmt":"2019-07-02T06:30:13","guid":{"rendered":"http:\/\/localhost\/canvas\/?page_id=246"},"modified":"2025-03-17T15:03:47","modified_gmt":"2025-03-17T15:03:47","slug":"acerca","status":"publish","type":"page","link":"https:\/\/ia.derechosdigitales.org\/en\/acerca\/","title":{"rendered":"About"},"content":{"rendered":"<div data-elementor-type=\"wp-post\" data-elementor-id=\"246\" class=\"elementor elementor-246\">\n\t\t\t\t\t\t<section class=\"elementor-section elementor-top-section elementor-element elementor-element-72a43e2 elementor-section-boxed elementor-section-height-default elementor-section-height-default\" data-id=\"72a43e2\" data-element_type=\"section\" data-e-type=\"section\" data-settings=\"{&quot;background_background&quot;:&quot;classic&quot;}\">\n\t\t\t\t\t\t<div class=\"elementor-container elementor-column-gap-default\">\n\t\t\t\t\t<div class=\"elementor-column elementor-col-50 elementor-top-column elementor-element elementor-element-a7a1457\" data-id=\"a7a1457\" data-element_type=\"column\" data-e-type=\"column\">\n\t\t\t<div class=\"elementor-widget-wrap elementor-element-populated\">\n\t\t\t\t\t\t<div class=\"elementor-element elementor-element-44d2a97 elementor-widget elementor-widget-heading\" data-id=\"44d2a97\" data-element_type=\"widget\" data-e-type=\"widget\" data-widget_type=\"heading.default\">\n\t\t\t\t<div class=\"elementor-widget-container\">\n\t\t\t\t\t<h2 class=\"elementor-heading-title elementor-size-default\">About this project<\/h2>\t\t\t\t<\/div>\n\t\t\t\t<\/div>\n\t\t\t\t<div class=\"elementor-element elementor-element-573e50e elementor-widget elementor-widget-text-editor\" data-id=\"573e50e\" data-element_type=\"widget\" data-e-type=\"widget\" data-widget_type=\"text-editor.default\">\n\t\t\t\t<div class=\"elementor-widget-container\">\n\t\t\t\t\t\t\t\t\t<p>The quick progress of artificial intelligence technologies has raised legitimate concerns regarding their negative consequences, related to potential impacts on the exercise of human rights and, particularly, the risk of discrimination against historically vulnerable groups.<\/p><p>Given the potentially irreparable consequences of implementing artificial intelligence techniques can have without human rights considerations \u2014particularly in a region marked by high levels of inequality and the absence of adequate guarantees for the protection of rights\u2014 it is essential to analyze the policies and initiatives developed at a regional level, identifying areas for improvement in light of current international principles and good practices that respond more appropriately to the local context.<\/p><p>To this end, we initially developed 4 case studies on different implementations of artificial intelligence in four Latin American countries.<\/p><p class=\"translation-block\">In Brazil, the researchers analyzed the use of Artificial Intelligence in the National Employment System, with the aim of facilitating the placement of unemployed professionals in the labor market. In Chile the investigation focused on the Child Alert System, which seeks to estimate and predict the level of risk to children and adolescents of suffering a violation of their rights in the future. In Colombia the researchers analyzed PretorIA, a project of the Colombian Constitutional Court whose goal is to make the process of selecting cases on judicial protection of fundamental rights more efficient. In Uruguay, the research focused on Coronavirus UY, a free mobile application made available by the Uruguayan Ministry of Public Health to manage the COVID-19 pandemic.<\/p><p class=\"translation-block\">In 2024, we conducted four additional studies on the use of AI as a tool for public policy. In Argentina, we analyzed the Chatbot Boti system, an automated assistant implemented by the Buenos Aires City Government to facilitate online self-management of procedures. In Colombia, we examined the Fiscal Watson case, where the IBM Watson AI system was implemented in the Office of the Attorney General. In Mexico, we studied the Early Action System for School Retention, an algorithm designed to predict the likelihood of students dropping out of secondary school in Guanajuato. In Paraguay, we reviewed the EmpleaPy Portal, a platform that uses algorithms to connect job seekers with employment opportunities.<\/p><p>The case studies were developed in collaboration with research centers, human rights organizations and researchers: ADC (Argentina), Dejusticia and Fundaci\u00f3n Karisma (Colombia), MediaLab.UFRJ and Red LAVITS (Brazil), Tedic (Paraguay) Dina Yael (Uruguay), Mat\u00edas Valderrama (Chile), Paola Ricaurte and Jacobo N\u00e1jera (Mexico).<\/p><p>Eventually, we will add new case studies in these and other Latin American countries.<\/p>\t\t\t\t\t\t\t\t<\/div>\n\t\t\t\t<\/div>\n\t\t\t\t\t<\/div>\n\t\t<\/div>\n\t\t\t\t<div class=\"elementor-column elementor-col-50 elementor-top-column elementor-element elementor-element-489c61b\" data-id=\"489c61b\" data-element_type=\"column\" data-e-type=\"column\">\n\t\t\t<div class=\"elementor-widget-wrap elementor-element-populated\">\n\t\t\t\t\t\t<div class=\"elementor-element elementor-element-67ec26e elementor-widget elementor-widget-image\" data-id=\"67ec26e\" data-element_type=\"widget\" data-e-type=\"widget\" data-widget_type=\"image.default\">\n\t\t\t\t<div class=\"elementor-widget-container\">\n\t\t\t\t\t\t\t\t\t\t\t\t\t\t\t<img fetchpriority=\"high\" decoding=\"async\" width=\"570\" height=\"911\" src=\"https:\/\/ia.derechosdigitales.org\/wp-content\/uploads\/2021\/04\/acerca-01.png\" class=\"attachment-large size-large wp-image-3564\" alt=\"\" srcset=\"https:\/\/ia.derechosdigitales.org\/wp-content\/uploads\/2021\/04\/acerca-01.png 570w, https:\/\/ia.derechosdigitales.org\/wp-content\/uploads\/2021\/04\/acerca-01-188x300.png 188w\" sizes=\"(max-width: 570px) 100vw, 570px\" \/>\t\t\t\t\t\t\t\t\t\t\t\t\t\t\t<\/div>\n\t\t\t\t<\/div>\n\t\t\t\t\t<\/div>\n\t\t<\/div>\n\t\t\t\t\t<\/div>\n\t\t<\/section>\n\t\t\t\t<section class=\"elementor-section elementor-top-section elementor-element elementor-element-339897f elementor-section-boxed elementor-section-height-default elementor-section-height-default\" data-id=\"339897f\" data-element_type=\"section\" data-e-type=\"section\" data-settings=\"{&quot;background_background&quot;:&quot;classic&quot;}\">\n\t\t\t\t\t\t<div class=\"elementor-container elementor-column-gap-default\">\n\t\t\t\t\t<div class=\"elementor-column elementor-col-50 elementor-top-column elementor-element elementor-element-dfa2e09\" data-id=\"dfa2e09\" data-element_type=\"column\" data-e-type=\"column\">\n\t\t\t<div class=\"elementor-widget-wrap elementor-element-populated\">\n\t\t\t\t\t\t<div class=\"elementor-element elementor-element-49bc91c elementor-widget elementor-widget-image\" data-id=\"49bc91c\" data-element_type=\"widget\" data-e-type=\"widget\" data-widget_type=\"image.default\">\n\t\t\t\t<div class=\"elementor-widget-container\">\n\t\t\t\t\t\t\t\t\t\t\t\t\t\t\t<img decoding=\"async\" width=\"702\" height=\"266\" src=\"https:\/\/ia.derechosdigitales.org\/wp-content\/uploads\/2025\/03\/ia.derechosdigitales.org_Logo-intermedio.png\" class=\"attachment-large size-large wp-image-5387\" alt=\"\" srcset=\"https:\/\/ia.derechosdigitales.org\/wp-content\/uploads\/2025\/03\/ia.derechosdigitales.org_Logo-intermedio.png 702w, https:\/\/ia.derechosdigitales.org\/wp-content\/uploads\/2025\/03\/ia.derechosdigitales.org_Logo-intermedio-300x114.png 300w, https:\/\/ia.derechosdigitales.org\/wp-content\/uploads\/2025\/03\/ia.derechosdigitales.org_Logo-intermedio-18x7.png 18w, https:\/\/ia.derechosdigitales.org\/wp-content\/uploads\/2025\/03\/ia.derechosdigitales.org_Logo-intermedio-700x265.png 700w\" sizes=\"(max-width: 702px) 100vw, 702px\" \/>\t\t\t\t\t\t\t\t\t\t\t\t\t\t\t<\/div>\n\t\t\t\t<\/div>\n\t\t\t\t\t<\/div>\n\t\t<\/div>\n\t\t\t\t<div class=\"elementor-column elementor-col-50 elementor-top-column elementor-element elementor-element-f404cbe\" data-id=\"f404cbe\" data-element_type=\"column\" data-e-type=\"column\">\n\t\t\t<div class=\"elementor-widget-wrap elementor-element-populated\">\n\t\t\t\t\t\t<div class=\"elementor-element elementor-element-bb63eac elementor-widget elementor-widget-heading\" data-id=\"bb63eac\" data-element_type=\"widget\" data-e-type=\"widget\" data-widget_type=\"heading.default\">\n\t\t\t\t<div class=\"elementor-widget-container\">\n\t\t\t\t\t<h2 class=\"elementor-heading-title elementor-size-default\"><span style=\"left: 599.378px;top: 1077.46px;font-size: 36.4422px;font-family: sans-serif\">About Derechos Digitales<\/span><\/h2>\t\t\t\t<\/div>\n\t\t\t\t<\/div>\n\t\t\t\t<div class=\"elementor-element elementor-element-cc57e65 elementor-widget elementor-widget-text-editor\" data-id=\"cc57e65\" data-element_type=\"widget\" data-e-type=\"widget\" data-widget_type=\"text-editor.default\">\n\t\t\t\t<div class=\"elementor-widget-container\">\n\t\t\t\t\t\t\t\t\t<p>Derechos Digitales is a Latin American, independent, non-profit organization, founded in 2005, whose main objective is the development, defense, and promotion of human rights in the digital environment.<\/p><p class=\"translation-block\">Since 2019, Derechos Digitales has been part of the Cyber \u200b\u200bPolicy Research Centers Network funded by the International Development Research Centre (IDRC), along with leading organizations on technology and public policy issues in the Global South.<\/p><p>One of our goals as part of this network is to develop advocacy capacities in the regulation and implementation of new technologies based on artificial intelligence in Latin America. Our research seeks to offer contributions and tools that facilitate decision-making by public authorities and the private sector, as well as informing civil society to participate actively in these processes.<\/p>\t\t\t\t\t\t\t\t<\/div>\n\t\t\t\t<\/div>\n\t\t\t\t\t<\/div>\n\t\t<\/div>\n\t\t\t\t\t<\/div>\n\t\t<\/section>\n\t\t\t\t<section class=\"elementor-section elementor-top-section elementor-element elementor-element-f930e79 contact-form elementor-section-boxed elementor-section-height-default elementor-section-height-default\" data-id=\"f930e79\" data-element_type=\"section\" data-e-type=\"section\" id=\"contacto\" data-settings=\"{&quot;background_background&quot;:&quot;classic&quot;}\">\n\t\t\t\t\t\t<div class=\"elementor-container elementor-column-gap-default\">\n\t\t\t\t\t<div class=\"elementor-column elementor-col-33 elementor-top-column elementor-element elementor-element-591fe76 animated-fast elementor-invisible\" data-id=\"591fe76\" data-element_type=\"column\" data-e-type=\"column\" data-settings=\"{&quot;animation&quot;:&quot;slideInLeft&quot;,&quot;animation_delay&quot;:300}\">\n\t\t\t<div class=\"elementor-widget-wrap elementor-element-populated\">\n\t\t\t\t\t\t<div class=\"elementor-element elementor-element-2ea11bb elementor-widget elementor-widget-heading\" data-id=\"2ea11bb\" data-element_type=\"widget\" data-e-type=\"widget\" data-widget_type=\"heading.default\">\n\t\t\t\t<div class=\"elementor-widget-container\">\n\t\t\t\t\t<h2 class=\"elementor-heading-title elementor-size-default\">Contact us\n<\/h2>\t\t\t\t<\/div>\n\t\t\t\t<\/div>\n\t\t\t\t<div class=\"elementor-element elementor-element-8757fff elementor-widget elementor-widget-text-editor\" data-id=\"8757fff\" data-element_type=\"widget\" data-e-type=\"widget\" data-widget_type=\"text-editor.default\">\n\t\t\t\t<div class=\"elementor-widget-container\">\n\t\t\t\t\t\t\t\t\t<div class=\"elementor-element elementor-element-6b05d6b elementor-widget elementor-widget-text-editor\" data-id=\"6b05d6b\" data-element_type=\"widget\" data-widget_type=\"text-editor.default\"><div class=\"elementor-widget-container\"><div class=\"elementor-text-editor elementor-clearfix\"><p>Do you need more information about this project? Send us a message and we will  get in touch with you as soon as possible.<\/p><\/div><\/div><\/div>\t\t\t\t\t\t\t\t<\/div>\n\t\t\t\t<\/div>\n\t\t\t\t<div class=\"elementor-element elementor-element-a8622b2 elementor-position-left elementor-vertical-align-top elementor-widget elementor-widget-image-box\" data-id=\"a8622b2\" data-element_type=\"widget\" data-e-type=\"widget\" data-widget_type=\"image-box.default\">\n\t\t\t\t<div class=\"elementor-widget-container\">\n\t\t\t\t\t<div class=\"elementor-image-box-wrapper\"><figure class=\"elementor-image-box-img\"><img decoding=\"async\" src=\"http:\/\/localhost\/creative-agency\/wp-content\/uploads\/2019\/07\/icon21.png\" title=\"\" alt=\"\" loading=\"lazy\" \/><\/figure><div class=\"elementor-image-box-content\"><p class=\"elementor-image-box-description\">Diagonal Paraguay #458, oficina 202\nSantiago, Chile.<br>\nPostal Code: 8330051<\/p><\/div><\/div>\t\t\t\t<\/div>\n\t\t\t\t<\/div>\n\t\t\t\t<div class=\"elementor-element elementor-element-3514126 elementor-position-left elementor-vertical-align-top elementor-widget elementor-widget-image-box\" data-id=\"3514126\" data-element_type=\"widget\" data-e-type=\"widget\" data-widget_type=\"image-box.default\">\n\t\t\t\t<div class=\"elementor-widget-container\">\n\t\t\t\t\t<div class=\"elementor-image-box-wrapper\"><figure class=\"elementor-image-box-img\"><img decoding=\"async\" src=\"http:\/\/localhost\/creative-agency\/wp-content\/uploads\/2019\/07\/icon22.png\" title=\"\" alt=\"\" loading=\"lazy\" \/><\/figure><div class=\"elementor-image-box-content\"><p class=\"elementor-image-box-description\">+56 2 2702 7108\n<\/p><\/div><\/div>\t\t\t\t<\/div>\n\t\t\t\t<\/div>\n\t\t\t\t<div class=\"elementor-element elementor-element-b0fa9af elementor-position-left elementor-vertical-align-top elementor-widget elementor-widget-image-box\" data-id=\"b0fa9af\" data-element_type=\"widget\" data-e-type=\"widget\" data-widget_type=\"image-box.default\">\n\t\t\t\t<div class=\"elementor-widget-container\">\n\t\t\t\t\t<div class=\"elementor-image-box-wrapper\"><figure class=\"elementor-image-box-img\"><img decoding=\"async\" src=\"http:\/\/localhost\/creative-agency\/wp-content\/uploads\/2019\/07\/icon20.png\" title=\"\" alt=\"\" loading=\"lazy\" \/><\/figure><div class=\"elementor-image-box-content\"><p class=\"elementor-image-box-description\">ia.derechosdigitales.org\n<\/p><\/div><\/div>\t\t\t\t<\/div>\n\t\t\t\t<\/div>\n\t\t\t\t\t<\/div>\n\t\t<\/div>\n\t\t\t\t<div class=\"elementor-column elementor-col-66 elementor-top-column elementor-element elementor-element-59d2751 animated-fast elementor-invisible\" data-id=\"59d2751\" data-element_type=\"column\" data-e-type=\"column\" data-settings=\"{&quot;animation&quot;:&quot;slideInRight&quot;,&quot;animation_delay&quot;:300}\">\n\t\t\t<div class=\"elementor-widget-wrap elementor-element-populated\">\n\t\t\t\t\t\t<div class=\"elementor-element elementor-element-2022a86 elementor-widget elementor-widget-heading\" data-id=\"2022a86\" data-element_type=\"widget\" data-e-type=\"widget\" data-widget_type=\"heading.default\">\n\t\t\t\t<div class=\"elementor-widget-container\">\n\t\t\t\t\t<h3 class=\"elementor-heading-title elementor-size-default\">Send us a message!\n<\/h3>\t\t\t\t<\/div>\n\t\t\t\t<\/div>\n\t\t\t\t<div class=\"elementor-element elementor-element-5ce2383 elementor-widget elementor-widget-shortcode\" data-id=\"5ce2383\" data-element_type=\"widget\" data-e-type=\"widget\" data-widget_type=\"shortcode.default\">\n\t\t\t\t<div class=\"elementor-widget-container\">\n\t\t\t\t\t\t\t<div class=\"elementor-shortcode\">\n<div class=\"wpcf7 no-js\" id=\"wpcf7-f1488-o1\" lang=\"en-US\" dir=\"ltr\" data-wpcf7-id=\"1488\">\n<div class=\"screen-reader-response\"><p role=\"status\" aria-live=\"polite\" aria-atomic=\"true\"><\/p> <ul><\/ul><\/div>\n<form action=\"\/en\/wp-json\/wp\/v2\/pages\/246#wpcf7-f1488-o1\" method=\"post\" class=\"wpcf7-form init\" aria-label=\"Contact form\" novalidate=\"novalidate\" data-status=\"init\" data-trp-original-action=\"\/en\/wp-json\/wp\/v2\/pages\/246#wpcf7-f1488-o1\">\n<fieldset class=\"hidden-fields-container\"><input type=\"hidden\" name=\"_wpcf7\" value=\"1488\" \/><input type=\"hidden\" name=\"_wpcf7_version\" value=\"6.1.5\" \/><input type=\"hidden\" name=\"_wpcf7_locale\" value=\"en_US\" \/><input type=\"hidden\" name=\"_wpcf7_unit_tag\" value=\"wpcf7-f1488-o1\" \/><input type=\"hidden\" name=\"_wpcf7_container_post\" value=\"0\" \/><input type=\"hidden\" name=\"_wpcf7_posted_data_hash\" value=\"\" \/>\n<\/fieldset>\n<p><span class=\"wpcf7-form-control-wrap\" data-name=\"your-name\"><span class=\"wpcf7-form-control-wrap\" data-name=\"hcap-cf7\">\t\t<input\n\t\t\t\ttype=\"hidden\"\n\t\t\t\tclass=\"hcaptcha-widget-id\"\n\t\t\t\tname=\"hcaptcha-widget-id\"\n\t\t\t\tvalue=\"eyJzb3VyY2UiOlsiY29udGFjdC1mb3JtLTdcL3dwLWNvbnRhY3QtZm9ybS03LnBocCJdLCJmb3JtX2lkIjoxNDg4fQ==-3bc9b95ec1b735885b03712243c9b8b3\">\n\t\t\t\t<span id=\"hcap_cf7-69d70580029664.20804220\" class=\"wpcf7-form-control h-captcha\"\n\t\t\tdata-sitekey=\"40100b28-21d6-464a-b39c-76b0dd18edbc\"\n\t\t\tdata-theme=\"light\"\n\t\t\tdata-size=\"normal\"\n\t\t\tdata-auto=\"false\"\n\t\t\tdata-ajax=\"false\"\n\t\t\tdata-force=\"false\">\n\t\t<\/span>\n\t\t<input type=\"hidden\" id=\"_wpnonce\" name=\"_wpnonce\" value=\"552495d110\" \/><input type=\"hidden\" name=\"_wp_http_referer\" value=\"\/en\/wp-json\/wp\/v2\/pages\/246\" \/><\/span><input size=\"40\" maxlength=\"400\" class=\"wpcf7-form-control wpcf7-text wpcf7-validates-as-required\" aria-required=\"true\" aria-invalid=\"false\" placeholder=\"Name\" value=\"\" type=\"text\" name=\"your-name\" \/><\/span><span class=\"wpcf7-form-control-wrap\" data-name=\"your-email\"><input size=\"40\" maxlength=\"400\" class=\"wpcf7-form-control wpcf7-email wpcf7-validates-as-required wpcf7-text wpcf7-validates-as-email\" aria-required=\"true\" aria-invalid=\"false\" placeholder=\"Email\" value=\"\" type=\"email\" name=\"your-email\" \/><\/span><span class=\"wpcf7-form-control-wrap\" data-name=\"your-subject\"><input size=\"40\" maxlength=\"400\" class=\"wpcf7-form-control wpcf7-text\" aria-invalid=\"false\" placeholder=\"Subject\" value=\"\" type=\"text\" name=\"your-subject\" \/><\/span><span class=\"wpcf7-form-control-wrap\" data-name=\"your-message\"><textarea cols=\"40\" rows=\"10\" maxlength=\"2000\" class=\"wpcf7-form-control wpcf7-textarea\" aria-invalid=\"false\" placeholder=\"Your message\" name=\"your-message\"><\/textarea><\/span><input class=\"wpcf7-form-control wpcf7-submit has-spinner\" type=\"submit\" value=\"Send\" \/>\n<\/p><div class=\"wpcf7-response-output\" aria-hidden=\"true\"><\/div>\n<input type=\"hidden\" name=\"trp-form-language\" value=\"en\"\/><\/form>\n<\/div>\n<\/div>\n\t\t\t\t\t\t<\/div>\n\t\t\t\t<\/div>\n\t\t\t\t\t<\/div>\n\t\t<\/div>\n\t\t\t\t\t<\/div>\n\t\t<\/section>\n\t\t\t\t<\/div>","protected":false},"excerpt":{"rendered":"<p>Sobre el proyecto El ra\u0301pido avance de las tecnologi\u0301as de inteligencia artificial ha levantado legi\u0301timas preocupaciones respecto de sus consecuencias negativas, relativas a potenciales violaciones de derechos humanos [&hellip;]<\/p>\n","protected":false},"author":1,"featured_media":0,"parent":0,"menu_order":0,"comment_status":"closed","ping_status":"closed","template":"elementor_header_footer","meta":{"_vp_format_video_url":"","_vp_image_focal_point":[],"footnotes":""},"class_list":["post-246","page","type-page","status-publish","hentry"],"_links":{"self":[{"href":"https:\/\/ia.derechosdigitales.org\/en\/wp-json\/wp\/v2\/pages\/246","targetHints":{"allow":["GET"]}}],"collection":[{"href":"https:\/\/ia.derechosdigitales.org\/en\/wp-json\/wp\/v2\/pages"}],"about":[{"href":"https:\/\/ia.derechosdigitales.org\/en\/wp-json\/wp\/v2\/types\/page"}],"author":[{"embeddable":true,"href":"https:\/\/ia.derechosdigitales.org\/en\/wp-json\/wp\/v2\/users\/1"}],"replies":[{"embeddable":true,"href":"https:\/\/ia.derechosdigitales.org\/en\/wp-json\/wp\/v2\/comments?post=246"}],"version-history":[{"count":85,"href":"https:\/\/ia.derechosdigitales.org\/en\/wp-json\/wp\/v2\/pages\/246\/revisions"}],"predecessor-version":[{"id":5390,"href":"https:\/\/ia.derechosdigitales.org\/en\/wp-json\/wp\/v2\/pages\/246\/revisions\/5390"}],"wp:attachment":[{"href":"https:\/\/ia.derechosdigitales.org\/en\/wp-json\/wp\/v2\/media?parent=246"}],"curies":[{"name":"wp","href":"https:\/\/api.w.org\/{rel}","templated":true}]}}